{"id":29516,"date":"2021-11-16T19:14:02","date_gmt":"2021-11-16T17:14:02","guid":{"rendered":"https:\/\/www.radiomarket.fi\/?post_type=product&#038;p=29516"},"modified":"2023-01-19T18:04:08","modified_gmt":"2023-01-19T16:04:08","slug":"ekum0115-pioneer-pl-x21z-levysoitin","status":"publish","type":"product","link":"https:\/\/www.radiomarket.fi\/en\/kohde\/ekum0115-pioneer-pl-x21z-levysoitin\/","title":{"rendered":"EKUM0115 Pioneer PL-X21Z levysoitin"},"content":{"rendered":"<p>Pitk\u00e4\u00e4n varastoitu ja p\u00f6lyinen.<\/p>","protected":false},"excerpt":{"rendered":"<p>Pitk\u00e4\u00e4n varastoitu ja p\u00f6lyinen.<\/p>","protected":false},"featured_media":29520,"template":"","meta":[],"_links":{"self":[{"href":"https:\/\/www.radiomarket.fi\/en\/wp-json\/wp\/v2\/product\/29516"}],"collection":[{"href":"https:\/\/www.radiomarket.fi\/en\/wp-json\/wp\/v2\/product"}],"about":[{"href":"https:\/\/www.radiomarket.fi\/en\/wp-json\/wp\/v2\/types\/product"}],"wp:featuredmedia":[{"embeddable":true,"href":"https:\/\/www.radiomarket.fi\/en\/wp-json\/wp\/v2\/media\/29520"}],"wp:attachment":[{"href":"https:\/\/www.radiomarket.fi\/en\/wp-json\/wp\/v2\/media?parent=29516"}],"curies":[{"name":"wp","href":"https:\/\/api.w.org\/{rel}","templated":true}]}}