{"id":29627,"date":"2021-11-30T16:03:00","date_gmt":"2021-11-30T14:03:00","guid":{"rendered":"https:\/\/www.radiomarket.fi\/?post_type=product&#038;p=29627"},"modified":"2022-01-25T14:50:50","modified_gmt":"2022-01-25T12:50:50","slug":"ekua9570x-varattu-asa-studiotrio-3300-ekum-kopio","status":"publish","type":"product","link":"https:\/\/www.radiomarket.fi\/en\/kohde\/ekua9570x-varattu-asa-studiotrio-3300-ekum-kopio\/","title":{"rendered":"EKUA9570x Asa studiotrio 3300 (EKUM)"},"content":{"rendered":"<p>Dual 481 levysoittimella. Sama kasettipes\u00e4 kuin ASA 3200. Kasetti ei py\u00f6ri. Ei \u00e4\u00e4nirasiaa. Ei p\u00f6lykantta.<br \/><br \/>Vain nouto tai toimitus muulla tavoin erikseen sovittaessa.<\/p>","protected":false},"excerpt":{"rendered":"<p>Dual 481 levysoittimella. Sama kasettipes\u00e4 kuin ASA 3200. Kasetti ei py\u00f6ri. Ei \u00e4\u00e4nirasiaa. Ei p\u00f6lykantta.Vain nouto tai toimitus muulla tavoin erikseen sovittaessa.<\/p>","protected":false},"featured_media":11612,"template":"","meta":[],"_links":{"self":[{"href":"https:\/\/www.radiomarket.fi\/en\/wp-json\/wp\/v2\/product\/29627"}],"collection":[{"href":"https:\/\/www.radiomarket.fi\/en\/wp-json\/wp\/v2\/product"}],"about":[{"href":"https:\/\/www.radiomarket.fi\/en\/wp-json\/wp\/v2\/types\/product"}],"wp:featuredmedia":[{"embeddable":true,"href":"https:\/\/www.radiomarket.fi\/en\/wp-json\/wp\/v2\/media\/11612"}],"wp:attachment":[{"href":"https:\/\/www.radiomarket.fi\/en\/wp-json\/wp\/v2\/media?parent=29627"}],"curies":[{"name":"wp","href":"https:\/\/api.w.org\/{rel}","templated":true}]}}