{"id":29656,"date":"2021-12-29T10:36:57","date_gmt":"2021-12-29T08:36:57","guid":{"rendered":"https:\/\/www.radiomarket.fi\/?post_type=product&#038;p=29656"},"modified":"2023-10-12T12:15:23","modified_gmt":"2023-10-12T09:15:23","slug":"ekum0118-matkalevysoitin-gramofoni-neuvostoliitto","status":"publish","type":"product","link":"https:\/\/www.radiomarket.fi\/en\/kohde\/ekum0118-matkalevysoitin-gramofoni-neuvostoliitto\/","title":{"rendered":"EKUM0118 matkalevysoitin gramofoni Neuvostoliitto"},"content":{"rendered":"<p>Moskovan levysoitintehdas. Moskovskii Patefonnii Savod.<\/p><p>Soittimen mekanismi toimii, mutta vaatii huoltoa. T\u00e4ydellinen, neula luultavasti v\u00e4\u00e4r\u00e4n tyyppinen.<\/p><p>&nbsp;<\/p>","protected":false},"excerpt":{"rendered":"<p>T\u00e4st\u00e4 gramofonimallista liikkuu netiss\u00e4 monenlaista varmistamatonta tietoa. Parhaan myyntitarinan mukaan n\u00e4it\u00e4 jaettiin toisessa maailmansodassa politrukkien k\u00e4ytt\u00f6\u00f6n, huonomman tarinan mukaan t\u00e4m\u00e4 levysoitinmalli kopioitiin 1950-luvulla sveitsil\u00e4isest\u00e4 esikuvastaan.<\/p>","protected":false},"featured_media":29668,"template":"","meta":[],"_links":{"self":[{"href":"https:\/\/www.radiomarket.fi\/en\/wp-json\/wp\/v2\/product\/29656"}],"collection":[{"href":"https:\/\/www.radiomarket.fi\/en\/wp-json\/wp\/v2\/product"}],"about":[{"href":"https:\/\/www.radiomarket.fi\/en\/wp-json\/wp\/v2\/types\/product"}],"wp:featuredmedia":[{"embeddable":true,"href":"https:\/\/www.radiomarket.fi\/en\/wp-json\/wp\/v2\/media\/29668"}],"wp:attachment":[{"href":"https:\/\/www.radiomarket.fi\/en\/wp-json\/wp\/v2\/media?parent=29656"}],"curies":[{"name":"wp","href":"https:\/\/api.w.org\/{rel}","templated":true}]}}