{"id":29686,"date":"2021-12-11T19:03:49","date_gmt":"2021-12-11T17:03:49","guid":{"rendered":"https:\/\/www.radiomarket.fi\/?post_type=product&#038;p=29686"},"modified":"2021-12-11T19:03:50","modified_gmt":"2021-12-11T17:03:50","slug":"ekub0108-kotikemistin-valineita","status":"publish","type":"product","link":"https:\/\/www.radiomarket.fi\/en\/kohde\/ekub0108-kotikemistin-valineita\/","title":{"rendered":"EKUB0108 kotikemistin v\u00e4lineit\u00e4"},"content":{"rendered":"<p>Myyd\u00e4\u00e4n kokonaisuutena. Vaaka 500 grammaan saakka. Mukana pieni ominaispainomittari? Ostaja ottaa itse riskin t\u00e4m\u00e4n tuotteen osan rikkoutumisesta postin k\u00e4sittelyss\u00e4, vaikka pakkaammekin sen niin hyvin kuin taidamme.<\/p>","protected":false},"excerpt":{"rendered":"<p>laboratoriotarvikkeita.<\/p>","protected":false},"featured_media":29687,"template":"","meta":[],"_links":{"self":[{"href":"https:\/\/www.radiomarket.fi\/en\/wp-json\/wp\/v2\/product\/29686"}],"collection":[{"href":"https:\/\/www.radiomarket.fi\/en\/wp-json\/wp\/v2\/product"}],"about":[{"href":"https:\/\/www.radiomarket.fi\/en\/wp-json\/wp\/v2\/types\/product"}],"wp:featuredmedia":[{"embeddable":true,"href":"https:\/\/www.radiomarket.fi\/en\/wp-json\/wp\/v2\/media\/29687"}],"wp:attachment":[{"href":"https:\/\/www.radiomarket.fi\/en\/wp-json\/wp\/v2\/media?parent=29686"}],"curies":[{"name":"wp","href":"https:\/\/api.w.org\/{rel}","templated":true}]}}