{"id":29698,"date":"2021-12-15T19:34:01","date_gmt":"2021-12-15T17:34:01","guid":{"rendered":"https:\/\/www.radiomarket.fi\/?post_type=product&#038;p=29698"},"modified":"2023-01-20T10:05:58","modified_gmt":"2023-01-20T08:05:58","slug":"ekum0119-spirit-of-st-louis-retropuhelin-myydaan-varaosina","status":"publish","type":"product","link":"https:\/\/www.radiomarket.fi\/en\/kohde\/ekum0119-spirit-of-st-louis-retropuhelin-myydaan-varaosina\/","title":{"rendered":"EKUM0119 Spirit of St. Louis retropuhelin MYYD\u00c4\u00c4N VARAOSINA"},"content":{"rendered":"<p>Maali kolhiintunut, luurinhanka murtunut ja pala puuttuu. Myyd\u00e4\u00e4n my\u00f6s osina.<\/p>","protected":false},"excerpt":{"rendered":"<p>Sein\u00e4puhelin<\/p>","protected":false},"featured_media":29702,"template":"","meta":[],"_links":{"self":[{"href":"https:\/\/www.radiomarket.fi\/en\/wp-json\/wp\/v2\/product\/29698"}],"collection":[{"href":"https:\/\/www.radiomarket.fi\/en\/wp-json\/wp\/v2\/product"}],"about":[{"href":"https:\/\/www.radiomarket.fi\/en\/wp-json\/wp\/v2\/types\/product"}],"wp:featuredmedia":[{"embeddable":true,"href":"https:\/\/www.radiomarket.fi\/en\/wp-json\/wp\/v2\/media\/29702"}],"wp:attachment":[{"href":"https:\/\/www.radiomarket.fi\/en\/wp-json\/wp\/v2\/media?parent=29698"}],"curies":[{"name":"wp","href":"https:\/\/api.w.org\/{rel}","templated":true}]}}