{"id":29847,"date":"2022-01-02T18:51:56","date_gmt":"2022-01-02T16:51:56","guid":{"rendered":"https:\/\/www.radiomarket.fi\/?post_type=product&#038;p=29847"},"modified":"2022-04-19T15:00:29","modified_gmt":"2022-04-19T12:00:29","slug":"ekum0125-millivolttimittari-b3-38-2","status":"publish","type":"product","link":"https:\/\/www.radiomarket.fi\/en\/kohde\/ekum0125-millivolttimittari-b3-38-2\/","title":{"rendered":"EKUM0125 millivolttimittari B3-38 sis. toimitus"},"content":{"rendered":"<p>Millivolttimittari. Hinta sis\u00e4lt\u00e4\u00e4 toimituksen postilla Suomeen. Noutohinta 10\u20ac.<\/p>","protected":false},"excerpt":{"rendered":"<p>Hinta sis\u00e4lt\u00e4\u00e4 toimituksen postilla Suomeen. Noutohinta 10\u20ac.<\/p>","protected":false},"featured_media":29793,"template":"","meta":[],"_links":{"self":[{"href":"https:\/\/www.radiomarket.fi\/en\/wp-json\/wp\/v2\/product\/29847"}],"collection":[{"href":"https:\/\/www.radiomarket.fi\/en\/wp-json\/wp\/v2\/product"}],"about":[{"href":"https:\/\/www.radiomarket.fi\/en\/wp-json\/wp\/v2\/types\/product"}],"wp:featuredmedia":[{"embeddable":true,"href":"https:\/\/www.radiomarket.fi\/en\/wp-json\/wp\/v2\/media\/29793"}],"wp:attachment":[{"href":"https:\/\/www.radiomarket.fi\/en\/wp-json\/wp\/v2\/media?parent=29847"}],"curies":[{"name":"wp","href":"https:\/\/api.w.org\/{rel}","templated":true}]}}