{"id":29856,"date":"2022-01-04T15:45:15","date_gmt":"2022-01-04T13:45:15","guid":{"rendered":"https:\/\/www.radiomarket.fi\/?post_type=product&#038;p=29856"},"modified":"2024-01-16T17:01:12","modified_gmt":"2024-01-16T15:01:12","slug":"ekus0406-radiot-lehti-1-2021","status":"publish","type":"product","link":"https:\/\/www.radiomarket.fi\/en\/kohde\/ekus0406-radiot-lehti-1-2021\/","title":{"rendered":"EKUS0406 Radiot-lehti 1\/2021"},"content":{"rendered":"<p>Suomen Radiohistoriallinen Seura ry:n julkaisema SRHS-j\u00e4senlehti 1\/2021 (22.2.2021). Seuran j\u00e4senille lehdist\u00e4 50% j\u00e4senalennus, jos haluat j\u00e4senalennuksen, tiedustele haluamiasi numeroita s\u00e4hk\u00f6postitse.<br \/><br \/><strong>T\u00e4ss\u00e4 numerossa:<\/strong><br \/><br \/>Tietoja uuteen Helkama-tiedostoon (Kauko Viitanen)<br \/>ASA 3704, vire\u00e4 50-vuotias<br \/>Kev\u00e4tkokous<br \/>P\u00e4\u00e4kirjoitus (Teppo Gustafsson)<br \/>Radioasemat Viipurissa. Osa 1 (Heikki Marttila)<br \/>J. Rissanen ja Radioteknikon opas (Heikki Marttila)<br \/>Mill\u00e4 kuunneltiin (Heikki Marttila)<br \/>Helkama Mikko (Kauko Viitanen)<br \/>Yksiputkinen muistoissa (Mauno M\u00e4ki)<br \/>DX-kuuntelua tavallisilla yleisradiovastaanottimilla 1960-luvulla (Touko Salo)<br \/>SRAL ry:n satavuotiselta taipaleelta (1921-2021) (Reino Janhunen)<br \/>DAT. Osa 2 (Eero Aro)<br \/>Kirjat kertovat. Anekdootteja ja filateliaa (Reino Janhunen)<br \/>Suomen DX-Liitto<br \/>Haku p\u00e4\u00e4ll\u00e4<br \/>Philips 940 A, 2+1 putkinen suora p\u00f6yt\u00e4radio (\u00c5ke Nyholm)<br \/><br \/>Varastosaldoon on laskettu uudet ja k\u00e4ytetyt lehdet. Uudet lehdet myyd\u00e4\u00e4n ensin.\u00a0<\/p>","protected":false},"excerpt":{"rendered":"<p>Suomen Radiohistoriallinen Seura ry:n julkaisema SRHS-j\u00e4senlehti 1\/2021 (22.2.2021). Seuran j\u00e4senille lehdist\u00e4 50% j\u00e4senalennus, jos haluat j\u00e4senalennuksen, tiedustele haluamiasi numeroita s\u00e4hk\u00f6postitse.T\u00e4ss\u00e4 numerossa:Tietoja uuteen Helkama-tiedostoon (Kauko Viitanen)ASA 3704, vire\u00e4 50-vuotiasKev\u00e4tkokousP\u00e4\u00e4kirjoitus (Teppo Gustafsson)Radioasemat Viipurissa. Osa 1 (Heikki Marttila)J. Rissanen ja Radioteknikon opas (Heikki Marttila)Mill\u00e4 kuunneltiin (Heikki Marttila)Helkama Mikko (Kauko Viitanen)Yksiputkinen muistoissa (Mauno M\u00e4ki)DX-kuuntelua tavallisilla yleisradiovastaanottimilla 1960-luvulla (Touko Salo)SRAL &hellip;<\/p>\n<p class=\"read-more\"> <a class=\"thunk-readmore button\" href=\"https:\/\/www.radiomarket.fi\/en\/kohde\/ekus0406-radiot-lehti-1-2021\/\"> <span class=\"screen-reader-text\">EKUS0406 Radiot-lehti 1\/2021<\/span>Read More<\/a><\/p>","protected":false},"featured_media":29857,"template":"","meta":[],"_links":{"self":[{"href":"https:\/\/www.radiomarket.fi\/en\/wp-json\/wp\/v2\/product\/29856"}],"collection":[{"href":"https:\/\/www.radiomarket.fi\/en\/wp-json\/wp\/v2\/product"}],"about":[{"href":"https:\/\/www.radiomarket.fi\/en\/wp-json\/wp\/v2\/types\/product"}],"wp:featuredmedia":[{"embeddable":true,"href":"https:\/\/www.radiomarket.fi\/en\/wp-json\/wp\/v2\/media\/29857"}],"wp:attachment":[{"href":"https:\/\/www.radiomarket.fi\/en\/wp-json\/wp\/v2\/media?parent=29856"}],"curies":[{"name":"wp","href":"https:\/\/api.w.org\/{rel}","templated":true}]}}