{"id":29877,"date":"2022-01-05T12:10:31","date_gmt":"2022-01-05T10:10:31","guid":{"rendered":"https:\/\/www.radiomarket.fi\/?post_type=product&#038;p=29877"},"modified":"2022-08-17T23:15:09","modified_gmt":"2022-08-17T20:15:09","slug":"ekum0127-adler-385-cr-kassakone-2","status":"publish","type":"product","link":"https:\/\/www.radiomarket.fi\/en\/kohde\/ekum0127-adler-385-cr-kassakone-2\/","title":{"rendered":"EKUM0127 Adler 385 CR kassakone"},"content":{"rendered":"<p>Valmistettu 1970-80-luvulla Japanissa.<\/p><p>Avaimet hukassa, ei testattu. P\u00e4\u00e4lle n\u00e4kyv\u00e4 vika kassanauhan suojamuovin puuttuva pala, katso kuva. Lis\u00e4ksi poistettu kuvasta poiketen painonapit.<\/p>","protected":false},"excerpt":{"rendered":"<p>Valmistettu 1970-80-luvulla Japanissa.Avaimet hukassa, ei testattu. P\u00e4\u00e4lle n\u00e4kyv\u00e4 vika kassanauhan suojamuovin puuttuva pala, katso kuva. Lis\u00e4ksi poistettu kuvasta poiketen painonapit.<\/p>","protected":false},"featured_media":29872,"template":"","meta":[],"_links":{"self":[{"href":"https:\/\/www.radiomarket.fi\/en\/wp-json\/wp\/v2\/product\/29877"}],"collection":[{"href":"https:\/\/www.radiomarket.fi\/en\/wp-json\/wp\/v2\/product"}],"about":[{"href":"https:\/\/www.radiomarket.fi\/en\/wp-json\/wp\/v2\/types\/product"}],"wp:featuredmedia":[{"embeddable":true,"href":"https:\/\/www.radiomarket.fi\/en\/wp-json\/wp\/v2\/media\/29872"}],"wp:attachment":[{"href":"https:\/\/www.radiomarket.fi\/en\/wp-json\/wp\/v2\/media?parent=29877"}],"curies":[{"name":"wp","href":"https:\/\/api.w.org\/{rel}","templated":true}]}}