{"id":30114,"date":"2022-01-17T15:12:27","date_gmt":"2022-01-17T13:12:27","guid":{"rendered":"https:\/\/www.radiomarket.fi\/?post_type=product&#038;p=30114"},"modified":"2022-11-03T21:03:36","modified_gmt":"2022-11-03T19:03:36","slug":"ekub0121-artvox-ar-7500-autokaiutinpari","status":"publish","type":"product","link":"https:\/\/www.radiomarket.fi\/en\/kohde\/ekub0121-artvox-ar-7500-autokaiutinpari\/","title":{"rendered":"EKUB0121 Artvox AR-7500 autokaiutinpari"},"content":{"rendered":"<p>Kolmitie bassorefleksikaiuttimet 80-luvulta. Yleisilme siisti. Toisen ruuvinkannoissa hapettumaa, sen sis\u00e4ll\u00e4 ei n\u00e4kyv\u00e4\u00e4 hapettumaa.<\/p>","protected":false},"excerpt":{"rendered":"<p>Kolmitie bassorefleksikaiuttimet 80-luvulta. Yleisilme siisti. Toisen ruuvinkannoissa hapettumaa, sen sis\u00e4ll\u00e4 ei n\u00e4kyv\u00e4\u00e4 hapettumaa.<\/p>","protected":false},"featured_media":30119,"template":"","meta":[],"_links":{"self":[{"href":"https:\/\/www.radiomarket.fi\/en\/wp-json\/wp\/v2\/product\/30114"}],"collection":[{"href":"https:\/\/www.radiomarket.fi\/en\/wp-json\/wp\/v2\/product"}],"about":[{"href":"https:\/\/www.radiomarket.fi\/en\/wp-json\/wp\/v2\/types\/product"}],"wp:featuredmedia":[{"embeddable":true,"href":"https:\/\/www.radiomarket.fi\/en\/wp-json\/wp\/v2\/media\/30119"}],"wp:attachment":[{"href":"https:\/\/www.radiomarket.fi\/en\/wp-json\/wp\/v2\/media?parent=30114"}],"curies":[{"name":"wp","href":"https:\/\/api.w.org\/{rel}","templated":true}]}}