{"id":30121,"date":"2022-01-17T15:12:45","date_gmt":"2022-01-17T13:12:45","guid":{"rendered":"https:\/\/www.radiomarket.fi\/?post_type=product&#038;p=30121"},"modified":"2024-07-08T16:37:35","modified_gmt":"2024-07-08T13:37:35","slug":"ekub0120-teleskooppiantenni-12-cm-aston","status":"publish","type":"product","link":"https:\/\/www.radiomarket.fi\/en\/kohde\/ekub0120-teleskooppiantenni-12-cm-aston\/","title":{"rendered":"EKUB0120 teleskooppiantenni 12 cm Aston"},"content":{"rendered":"<p>Nivelletty teleskooppiantenni. Kiinnitys pohjaruuvilla. Aston-p\u00f6yt\u00e4radiosta (radio ei myynniss\u00e4).<\/p>","protected":false},"excerpt":{"rendered":"<p>Nivelletty teleskooppiantenni. Kiinnitys pohjaruuvilla. Aston-p\u00f6yt\u00e4radiosta (radio ei myynniss\u00e4).<\/p>","protected":false},"featured_media":30122,"template":"","meta":[],"_links":{"self":[{"href":"https:\/\/www.radiomarket.fi\/en\/wp-json\/wp\/v2\/product\/30121"}],"collection":[{"href":"https:\/\/www.radiomarket.fi\/en\/wp-json\/wp\/v2\/product"}],"about":[{"href":"https:\/\/www.radiomarket.fi\/en\/wp-json\/wp\/v2\/types\/product"}],"wp:featuredmedia":[{"embeddable":true,"href":"https:\/\/www.radiomarket.fi\/en\/wp-json\/wp\/v2\/media\/30122"}],"wp:attachment":[{"href":"https:\/\/www.radiomarket.fi\/en\/wp-json\/wp\/v2\/media?parent=30121"}],"curies":[{"name":"wp","href":"https:\/\/api.w.org\/{rel}","templated":true}]}}