{"id":30158,"date":"2022-01-19T13:58:11","date_gmt":"2022-01-19T11:58:11","guid":{"rendered":"https:\/\/www.radiomarket.fi\/?post_type=product&#038;p=30158"},"modified":"2022-01-20T22:28:44","modified_gmt":"2022-01-20T20:28:44","slug":"ekus0642-philips-22ga228-40","status":"publish","type":"product","link":"https:\/\/www.radiomarket.fi\/en\/kohde\/ekus0642-philips-22ga228-40\/","title":{"rendered":"EKUS0642 Philips 22GA228\/40"},"content":{"rendered":"<p>Kannen kulmassa lohkeama, p\u00e4\u00e4ll\u00e4 naarmuja.<br \/><br \/><strong>Ainakin seuraavat osat poistettu \/ rikki:<\/strong><br \/><br \/>Ei \u00e4\u00e4nirasiaa.<br \/><br \/>Ei tutkittu tarkemmin. Muitakin osia saattaa olla purettu. Varmista tietojen oikeellisuus myyj\u00e4lt\u00e4.\u00a0<br \/><br \/><\/p>","protected":false},"excerpt":{"rendered":"<p>Kannen kulmassa lohkeama, p\u00e4\u00e4ll\u00e4 naarmuja.Ainakin seuraavat osat poistettu \/ rikki:Ei \u00e4\u00e4nirasiaa.Ei tutkittu tarkemmin. Muitakin osia saattaa olla purettu. Varmista tietojen oikeellisuus myyj\u00e4lt\u00e4.\u00a0<\/p>","protected":false},"featured_media":30209,"template":"","meta":[],"_links":{"self":[{"href":"https:\/\/www.radiomarket.fi\/en\/wp-json\/wp\/v2\/product\/30158"}],"collection":[{"href":"https:\/\/www.radiomarket.fi\/en\/wp-json\/wp\/v2\/product"}],"about":[{"href":"https:\/\/www.radiomarket.fi\/en\/wp-json\/wp\/v2\/types\/product"}],"wp:featuredmedia":[{"embeddable":true,"href":"https:\/\/www.radiomarket.fi\/en\/wp-json\/wp\/v2\/media\/30209"}],"wp:attachment":[{"href":"https:\/\/www.radiomarket.fi\/en\/wp-json\/wp\/v2\/media?parent=30158"}],"curies":[{"name":"wp","href":"https:\/\/api.w.org\/{rel}","templated":true}]}}