{"id":30160,"date":"2022-01-19T14:16:11","date_gmt":"2022-01-19T12:16:11","guid":{"rendered":"https:\/\/www.radiomarket.fi\/?post_type=product&#038;p=30160"},"modified":"2022-07-26T07:18:01","modified_gmt":"2022-07-26T04:18:01","slug":"ekum0459-sun-electric-corporation-model-222-coil-circuit-tester","status":"publish","type":"product","link":"https:\/\/www.radiomarket.fi\/en\/kohde\/ekum0459-sun-electric-corporation-model-222-coil-circuit-tester\/","title":{"rendered":"EKUM0459 Sun Electric Corporation Model 222 coil circuit tester"},"content":{"rendered":"<p>Autos\u00e4hk\u00f6mittari.<br \/><br \/>Ei testattu, ei tutkittu tarkemmin.<\/p><p>Varmista tietojen oikeellisuus myyj\u00e4lt\u00e4.\u00a0<\/p>","protected":false},"excerpt":{"rendered":"<p>Autos\u00e4hk\u00f6mittari.Ei testattu, ei tutkittu tarkemmin.Varmista tietojen oikeellisuus myyj\u00e4lt\u00e4.\u00a0<\/p>","protected":false},"featured_media":30213,"template":"","meta":[],"_links":{"self":[{"href":"https:\/\/www.radiomarket.fi\/en\/wp-json\/wp\/v2\/product\/30160"}],"collection":[{"href":"https:\/\/www.radiomarket.fi\/en\/wp-json\/wp\/v2\/product"}],"about":[{"href":"https:\/\/www.radiomarket.fi\/en\/wp-json\/wp\/v2\/types\/product"}],"wp:featuredmedia":[{"embeddable":true,"href":"https:\/\/www.radiomarket.fi\/en\/wp-json\/wp\/v2\/media\/30213"}],"wp:attachment":[{"href":"https:\/\/www.radiomarket.fi\/en\/wp-json\/wp\/v2\/media?parent=30160"}],"curies":[{"name":"wp","href":"https:\/\/api.w.org\/{rel}","templated":true}]}}