{"id":30273,"date":"2022-01-23T15:58:59","date_gmt":"2022-01-23T13:58:59","guid":{"rendered":"https:\/\/www.radiomarket.fi\/?post_type=product&#038;p=30273"},"modified":"2022-01-23T16:05:26","modified_gmt":"2022-01-23T14:05:26","slug":"ekub0124-fenno-seura-koneistosarja-tasta-myydaan-myos-osia","status":"publish","type":"product","link":"https:\/\/www.radiomarket.fi\/en\/kohde\/ekub0124-fenno-seura-koneistosarja-tasta-myydaan-myos-osia\/","title":{"rendered":"EKUB0124 Fenno Seura koneistosarja T\u00c4ST\u00c4 MYYD\u00c4\u00c4N MY\u00d6S OSIA"},"content":{"rendered":"<p>Tarkka mallimerkint\u00e4 selvitt\u00e4m\u00e4tt\u00e4, chassis vastaa mallia Sampo TV-41 vuodelta 1941.<\/p>","protected":false},"excerpt":{"rendered":"<p>Tarkka mallimerkint\u00e4 selvitt\u00e4m\u00e4tt\u00e4, chassis vastaa mallia Sampo TV-41 vuodelta 1941.<\/p>","protected":false},"featured_media":30275,"template":"","meta":[],"_links":{"self":[{"href":"https:\/\/www.radiomarket.fi\/en\/wp-json\/wp\/v2\/product\/30273"}],"collection":[{"href":"https:\/\/www.radiomarket.fi\/en\/wp-json\/wp\/v2\/product"}],"about":[{"href":"https:\/\/www.radiomarket.fi\/en\/wp-json\/wp\/v2\/types\/product"}],"wp:featuredmedia":[{"embeddable":true,"href":"https:\/\/www.radiomarket.fi\/en\/wp-json\/wp\/v2\/media\/30275"}],"wp:attachment":[{"href":"https:\/\/www.radiomarket.fi\/en\/wp-json\/wp\/v2\/media?parent=30273"}],"curies":[{"name":"wp","href":"https:\/\/api.w.org\/{rel}","templated":true}]}}