{"id":30362,"date":"2022-01-28T12:35:36","date_gmt":"2022-01-28T10:35:36","guid":{"rendered":"https:\/\/www.radiomarket.fi\/?post_type=product&#038;p=30362"},"modified":"2023-03-18T20:34:26","modified_gmt":"2023-03-18T18:34:26","slug":"ekum0474-key-tronic-model-e03602qsvkic","status":"publish","type":"product","link":"https:\/\/www.radiomarket.fi\/en\/kohde\/ekum0474-key-tronic-model-e03602qsvkic\/","title":{"rendered":"EKUM0474 Key Tronic Model E03602QSVKIC"},"content":{"rendered":"<p>Tietokoneen n\u00e4pp\u00e4imist\u00f6. <br \/><br \/><br \/><\/p>","protected":false},"excerpt":{"rendered":"<p>Tietokoneen n\u00e4pp\u00e4imist\u00f6.<\/p>","protected":false},"featured_media":30364,"template":"","meta":[],"_links":{"self":[{"href":"https:\/\/www.radiomarket.fi\/en\/wp-json\/wp\/v2\/product\/30362"}],"collection":[{"href":"https:\/\/www.radiomarket.fi\/en\/wp-json\/wp\/v2\/product"}],"about":[{"href":"https:\/\/www.radiomarket.fi\/en\/wp-json\/wp\/v2\/types\/product"}],"wp:featuredmedia":[{"embeddable":true,"href":"https:\/\/www.radiomarket.fi\/en\/wp-json\/wp\/v2\/media\/30364"}],"wp:attachment":[{"href":"https:\/\/www.radiomarket.fi\/en\/wp-json\/wp\/v2\/media?parent=30362"}],"curies":[{"name":"wp","href":"https:\/\/api.w.org\/{rel}","templated":true}]}}