{"id":30384,"date":"2025-09-11T14:53:43","date_gmt":"2025-09-11T11:53:43","guid":{"rendered":"https:\/\/www.radiomarket.fi\/?post_type=product&#038;p=30384"},"modified":"2025-10-23T11:10:08","modified_gmt":"2025-10-23T08:10:08","slug":"ekus0645-asa-700-sarja","status":"publish","type":"product","link":"https:\/\/www.radiomarket.fi\/en\/kohde\/ekus0645-asa-700-sarja\/","title":{"rendered":"EKUS0645 Asa 756 kotelo, nupit, koneisto, antenni ym puretaan"},"content":{"rendered":"<p>Voidaan myyd\u00e4 osina tai kokonaisena. Tilaa s\u00e4hk\u00f6postilla tarvitsemasi varaosia. Tuotteen hinta on t\u00e4st\u00e4 saatavien varaosien arvioitu yhteishinta. J\u00e4ljell\u00e4: nuppisarja, kotelo (halkeillut), kotelon pohjassa olleet chassiksen kiinnitysruuvit (pohjaruuvit), antenni, antenniliitin ja etukaiutinelementti mitattu 140 ohmia, ei saatu rapisemaan paristotestill\u00e4 sek\u00e4 koneisto, josta purettu ULA-purkki.<br \/><br \/><strong>Ainakin seuraavat osat rikki, puuttuvat tai poistettu:<\/strong><br \/>-ei takakantta<br \/>-ei putkia<br \/>-asteikkolasi purettu kuvien oton j\u00e4lkeen<br \/>-ainakin toinen pikkunuppi rikkoutunut asteikkolasia irrotettaessa<br \/>-etukaiutinelementti vaikuttaa vialliselta<br \/>-ei painonappeja, t\u00e4h\u00e4n sopivia painonappeja tuotekoodilla EKUS0228<br \/>-kotelossa halkeamia<br \/>-pohjalevy puuttuu<br \/>-koneistosta purettu ULA-purkki narupy\u00f6rineen<br \/>-antenniliittimen alaosa lohjennut pois ja lis\u00e4ksi toinen piikki puuttuu<br \/><br \/>Muitakin osia saattaa olla purettu. Ei tutkittu tarkemmin. Varmistathan tietojen oikeellisuuden myyj\u00e4lt\u00e4.<\/p>","protected":false},"excerpt":{"rendered":"<p>Voidaan myyd\u00e4 osina tai kokonaisena. Tilaa s\u00e4hk\u00f6postilla tarvitsemasi varaosia. Tuotteen hinta on t\u00e4st\u00e4 saatavien varaosien arvioitu yhteishinta. J\u00e4ljell\u00e4: nuppisarja, kotelo (halkeillut), kotelon pohjassa olleet chassiksen kiinnitysruuvit (pohjaruuvit), antenni, antenniliitin ja etukaiutinelementti mitattu 140 ohmia, ei saatu rapisemaan paristotestill\u00e4 sek\u00e4 koneisto, josta purettu ULA-purkki.Ainakin seuraavat osat rikki, puuttuvat tai poistettu:-ei takakantta-ei putkia-asteikkolasi purettu kuvien oton j\u00e4lkeen-ainakin &hellip;<\/p>\n<p class=\"read-more\"> <a class=\"thunk-readmore button\" href=\"https:\/\/www.radiomarket.fi\/en\/kohde\/ekus0645-asa-700-sarja\/\"> <span class=\"screen-reader-text\">EKUS0645 Asa 756 kotelo, nupit, koneisto, antenni ym puretaan<\/span>Read More<\/a><\/p>","protected":false},"featured_media":30385,"template":"","meta":[],"_links":{"self":[{"href":"https:\/\/www.radiomarket.fi\/en\/wp-json\/wp\/v2\/product\/30384"}],"collection":[{"href":"https:\/\/www.radiomarket.fi\/en\/wp-json\/wp\/v2\/product"}],"about":[{"href":"https:\/\/www.radiomarket.fi\/en\/wp-json\/wp\/v2\/types\/product"}],"wp:featuredmedia":[{"embeddable":true,"href":"https:\/\/www.radiomarket.fi\/en\/wp-json\/wp\/v2\/media\/30385"}],"wp:attachment":[{"href":"https:\/\/www.radiomarket.fi\/en\/wp-json\/wp\/v2\/media?parent=30384"}],"curies":[{"name":"wp","href":"https:\/\/api.w.org\/{rel}","templated":true}]}}