{"id":30404,"date":"2022-01-28T22:17:40","date_gmt":"2022-01-28T20:17:40","guid":{"rendered":"https:\/\/www.radiomarket.fi\/?post_type=product&#038;p=30404"},"modified":"2022-01-31T19:20:07","modified_gmt":"2022-01-31T17:20:07","slug":"ekus0651-philips","status":"publish","type":"product","link":"https:\/\/www.radiomarket.fi\/en\/kohde\/ekus0651-philips\/","title":{"rendered":"EKUS0651 Philips"},"content":{"rendered":"<p>Voidaan myyd\u00e4 osina tai kokonaisena. Tiedustele s\u00e4hk\u00f6postilla tarvitsemiasi varaosia. Tuotteen hinta on t\u00e4st\u00e4 saatavien varaosien arvioitu kokonaishinta.\u00a0 Radion merkki p\u00e4\u00e4telty komponentissa olevasta Philips-logosta, sek\u00e4 putkien valmistajasta. Radion merkki saattaa olla jokin muukin.<br \/><br \/><strong>Ainakin seuraavat osat rikki, puuttuvat tai poistettu:<\/strong><br \/>-ei asteikkoa<br \/>-ei takalevy\u00e4<br \/>-ei putkia (kuvasta poiketen). Putkituksena ollut UCH21, tuntematon, UY1N ja UBL21.<br \/><br \/>Muitakin osia saattaa olla purettu. Ei tutkittu tarkemmin. Varmistathan tietojen oikeellisuuden myyj\u00e4lt\u00e4.<\/p>","protected":false},"excerpt":{"rendered":"<p>Voidaan myyd\u00e4 osina tai kokonaisena. Tiedustele s\u00e4hk\u00f6postilla tarvitsemiasi varaosia. Tuotteen hinta on t\u00e4st\u00e4 saatavien varaosien arvioitu kokonaishinta.\u00a0 Radion merkki p\u00e4\u00e4telty komponentissa olevasta Philips-logosta, sek\u00e4 putkien valmistajasta. Radion merkki saattaa olla jokin muukin.Ainakin seuraavat osat rikki, puuttuvat tai poistettu:-ei asteikkoa-ei takalevy\u00e4-ei putkia (kuvasta poiketen). Putkituksena ollut UCH21, tuntematon, UY1N ja UBL21.Muitakin osia saattaa olla purettu. Ei &hellip;<\/p>\n<p class=\"read-more\"> <a class=\"thunk-readmore button\" href=\"https:\/\/www.radiomarket.fi\/en\/kohde\/ekus0651-philips\/\"> <span class=\"screen-reader-text\">EKUS0651 Philips<\/span>Read More<\/a><\/p>","protected":false},"featured_media":30405,"template":"","meta":[],"_links":{"self":[{"href":"https:\/\/www.radiomarket.fi\/en\/wp-json\/wp\/v2\/product\/30404"}],"collection":[{"href":"https:\/\/www.radiomarket.fi\/en\/wp-json\/wp\/v2\/product"}],"about":[{"href":"https:\/\/www.radiomarket.fi\/en\/wp-json\/wp\/v2\/types\/product"}],"wp:featuredmedia":[{"embeddable":true,"href":"https:\/\/www.radiomarket.fi\/en\/wp-json\/wp\/v2\/media\/30405"}],"wp:attachment":[{"href":"https:\/\/www.radiomarket.fi\/en\/wp-json\/wp\/v2\/media?parent=30404"}],"curies":[{"name":"wp","href":"https:\/\/api.w.org\/{rel}","templated":true}]}}