{"id":30444,"date":"2022-01-29T04:17:34","date_gmt":"2022-01-29T02:17:34","guid":{"rendered":"https:\/\/www.radiomarket.fi\/?post_type=product&#038;p=30444"},"modified":"2024-01-16T20:39:42","modified_gmt":"2024-01-16T18:39:42","slug":"ekus0660-asa-levysoittimella","status":"publish","type":"product","link":"https:\/\/www.radiomarket.fi\/en\/kohde\/ekus0660-asa-levysoittimella\/","title":{"rendered":"EKUS0660 ASA levysoittimella"},"content":{"rendered":"<p>Voidaan myyd\u00e4 osina tai kokonaisena. Tiedustele s\u00e4hk\u00f6postilla tarvitsemiasi varaosia. Tuotteen hinta on t\u00e4st\u00e4 saatavien varaosien arvioitu kokonaishinta. Levysoitin luultavasti Cosmos?<br \/><br \/><strong>Ainakin seuraavat osat rikki, puuttuvat tai poistettu:<\/strong><br \/>-molemmat p\u00e4\u00e4tykaiutinritil\u00e4t rikki, pinnoja puuttuu ja toisesta kangaskin (kts. kuvat)<br \/>-ei takakantta<br \/><br \/>Muitakin osia saattaa olla purettu. Ei tutkittu tarkemmin. Varmistathan tietojen oikeellisuuden myyj\u00e4lt\u00e4.<\/p>","protected":false},"excerpt":{"rendered":"<p>Voidaan myyd\u00e4 osina tai kokonaisena. Tiedustele s\u00e4hk\u00f6postilla tarvitsemiasi varaosia. Tuotteen hinta on t\u00e4st\u00e4 saatavien varaosien arvioitu kokonaishinta. Levysoitin luultavasti Cosmos?Ainakin seuraavat osat rikki, puuttuvat tai poistettu:-molemmat p\u00e4\u00e4tykaiutinritil\u00e4t rikki, pinnoja puuttuu ja toisesta kangaskin (kts. kuvat)-ei takakanttaMuitakin osia saattaa olla purettu. Ei tutkittu tarkemmin. Varmistathan tietojen oikeellisuuden myyj\u00e4lt\u00e4.<\/p>","protected":false},"featured_media":30445,"template":"","meta":[],"_links":{"self":[{"href":"https:\/\/www.radiomarket.fi\/en\/wp-json\/wp\/v2\/product\/30444"}],"collection":[{"href":"https:\/\/www.radiomarket.fi\/en\/wp-json\/wp\/v2\/product"}],"about":[{"href":"https:\/\/www.radiomarket.fi\/en\/wp-json\/wp\/v2\/types\/product"}],"wp:featuredmedia":[{"embeddable":true,"href":"https:\/\/www.radiomarket.fi\/en\/wp-json\/wp\/v2\/media\/30445"}],"wp:attachment":[{"href":"https:\/\/www.radiomarket.fi\/en\/wp-json\/wp\/v2\/media?parent=30444"}],"curies":[{"name":"wp","href":"https:\/\/api.w.org\/{rel}","templated":true}]}}