{"id":30451,"date":"2025-08-28T04:21:18","date_gmt":"2025-08-28T01:21:18","guid":{"rendered":"https:\/\/www.radiomarket.fi\/?post_type=product&#038;p=30451"},"modified":"2025-08-28T15:35:05","modified_gmt":"2025-08-28T12:35:05","slug":"ekus0661-helvar-stereo-kristall","status":"publish","type":"product","link":"https:\/\/www.radiomarket.fi\/en\/kohde\/ekus0661-helvar-stereo-kristall\/","title":{"rendered":"EKUS0661 Helvar Stereo Kristall puretaan"},"content":{"rendered":"<p>Voidaan myyd\u00e4 osina tai kaikki loppu kokonaisuutena. Tilaa s\u00e4hk\u00f6postilla tarvitsemiasi varaosia. Tuotteen hinta on t\u00e4st\u00e4 saatavien varaosien arvioitu kokonaishinta. Varaosaa mm. melko siisti koneisto, nupit, kangas, logot, takakansi, pohjalevy, kannen sarana, oikeanpuoleinen luunv\u00e4rinen lista painonappien vierest\u00e4 ym. Vastaavanlainen koneisto l\u00f6ytyy tuotenumerolla EKUM0416.<br \/><br \/><strong>Ainakin seuraavat osat rikki, puuttuvat tai poistettu:<br \/><\/strong>-Helvar-logon H ja l-kirjaimet rikki<br \/>-ei levysoitinta<br \/>-ei putkia<br \/>-huono asteikko (paikassa D1 ilman tuotekoodia)<br \/>-kaiutinelementit purettu varaosaksi<br \/>-levi\u00e4mispisteess\u00e4 ollut kotelo h\u00e4vitetty<br \/>-Radion edess\u00e4 vasemmalla alhaalla oleva muovinen etukappale<br \/>-ei painonappeja, t\u00e4h\u00e4n sopivaa painonappia l\u00f6ytyy tuotenumerolla EKUA1312<br \/>-levysoittimen kannen sivumekanismi myyty varaosaksi<br \/>-ruuvit, prikat ja kumit myyty varaosaksi<br \/>-antenni liittimineen myyty varaosaksi<br \/><br \/>Muitakin osia saattaa olla purettu. Ei tutkittu tarkemmin. Varmistathan tietojen oikeellisuuden myyj\u00e4lt\u00e4.<\/p>","protected":false},"excerpt":{"rendered":"<p>Voidaan myyd\u00e4 osina tai kaikki loppu kokonaisuutena. Tilaa s\u00e4hk\u00f6postilla tarvitsemiasi varaosia. Tuotteen hinta on t\u00e4st\u00e4 saatavien varaosien arvioitu kokonaishinta. Varaosaa mm. melko siisti koneisto, nupit, kangas, logot, takakansi, pohjalevy, kannen sarana, oikeanpuoleinen luunv\u00e4rinen lista painonappien vierest\u00e4 ym. Vastaavanlainen koneisto l\u00f6ytyy tuotenumerolla EKUM0416.Ainakin seuraavat osat rikki, puuttuvat tai poistettu:-Helvar-logon H ja l-kirjaimet rikki-ei levysoitinta-ei putkia-huono asteikko &hellip;<\/p>\n<p class=\"read-more\"> <a class=\"thunk-readmore button\" href=\"https:\/\/www.radiomarket.fi\/en\/kohde\/ekus0661-helvar-stereo-kristall\/\"> <span class=\"screen-reader-text\">EKUS0661 Helvar Stereo Kristall puretaan<\/span>Read More<\/a><\/p>","protected":false},"featured_media":30452,"template":"","meta":[],"_links":{"self":[{"href":"https:\/\/www.radiomarket.fi\/en\/wp-json\/wp\/v2\/product\/30451"}],"collection":[{"href":"https:\/\/www.radiomarket.fi\/en\/wp-json\/wp\/v2\/product"}],"about":[{"href":"https:\/\/www.radiomarket.fi\/en\/wp-json\/wp\/v2\/types\/product"}],"wp:featuredmedia":[{"embeddable":true,"href":"https:\/\/www.radiomarket.fi\/en\/wp-json\/wp\/v2\/media\/30452"}],"wp:attachment":[{"href":"https:\/\/www.radiomarket.fi\/en\/wp-json\/wp\/v2\/media?parent=30451"}],"curies":[{"name":"wp","href":"https:\/\/api.w.org\/{rel}","templated":true}]}}