{"id":30518,"date":"2022-01-29T17:59:07","date_gmt":"2022-01-29T15:59:07","guid":{"rendered":"https:\/\/www.radiomarket.fi\/?post_type=product&#038;p=30518"},"modified":"2022-02-10T12:37:57","modified_gmt":"2022-02-10T10:37:57","slug":"ekub0133-kaapelikenka-35mm-kaapelille-12mm-pultille-cu","status":"publish","type":"product","link":"https:\/\/www.radiomarket.fi\/en\/kohde\/ekub0133-kaapelikenka-35mm-kaapelille-12mm-pultille-cu\/","title":{"rendered":"EKUB0133 5 kpl kaapelikenk\u00e4 35mm kaapelille 12mm pultille CU"},"content":{"rendered":"<p>Hinta viidelt\u00e4 ja pienin toimituser\u00e4 5 kpl. NOS. K\u00e4ytt\u00e4m\u00e4t\u00f6n vanhaa varastoa.<\/p>","protected":false},"excerpt":{"rendered":"<p>Hinta viidelt\u00e4 ja pienin toimituser\u00e4 5 kpl. NOS. K\u00e4ytt\u00e4m\u00e4t\u00f6n vanhaa varastoa.<\/p>","protected":false},"featured_media":30522,"template":"","meta":[],"_links":{"self":[{"href":"https:\/\/www.radiomarket.fi\/en\/wp-json\/wp\/v2\/product\/30518"}],"collection":[{"href":"https:\/\/www.radiomarket.fi\/en\/wp-json\/wp\/v2\/product"}],"about":[{"href":"https:\/\/www.radiomarket.fi\/en\/wp-json\/wp\/v2\/types\/product"}],"wp:featuredmedia":[{"embeddable":true,"href":"https:\/\/www.radiomarket.fi\/en\/wp-json\/wp\/v2\/media\/30522"}],"wp:attachment":[{"href":"https:\/\/www.radiomarket.fi\/en\/wp-json\/wp\/v2\/media?parent=30518"}],"curies":[{"name":"wp","href":"https:\/\/api.w.org\/{rel}","templated":true}]}}