{"id":30532,"date":"2022-01-29T18:22:05","date_gmt":"2022-01-29T16:22:05","guid":{"rendered":"https:\/\/www.radiomarket.fi\/?post_type=product&#038;p=30532"},"modified":"2022-02-04T01:38:46","modified_gmt":"2022-02-03T23:38:46","slug":"ekum0142-tuntematon-cccp-viritysnuppi-mil","status":"publish","type":"product","link":"https:\/\/www.radiomarket.fi\/en\/kohde\/ekum0142-tuntematon-cccp-viritysnuppi-mil\/","title":{"rendered":"EKUM0142 Tuntematon CCCP viritysnuppi MIL"},"content":{"rendered":"<p>Hyv\u00e4kuntoinen p\u00e4\u00e4llisin puolin, mahdollisen v\u00e4litysmekanismin toimintaa ei testattu.<\/p>","protected":false},"excerpt":{"rendered":"<p>Hyv\u00e4kuntoinen p\u00e4\u00e4llisin puolin, mahdollisen v\u00e4litysmekanismin toimintaa ei testattu.<\/p>","protected":false},"featured_media":30540,"template":"","meta":[],"_links":{"self":[{"href":"https:\/\/www.radiomarket.fi\/en\/wp-json\/wp\/v2\/product\/30532"}],"collection":[{"href":"https:\/\/www.radiomarket.fi\/en\/wp-json\/wp\/v2\/product"}],"about":[{"href":"https:\/\/www.radiomarket.fi\/en\/wp-json\/wp\/v2\/types\/product"}],"wp:featuredmedia":[{"embeddable":true,"href":"https:\/\/www.radiomarket.fi\/en\/wp-json\/wp\/v2\/media\/30540"}],"wp:attachment":[{"href":"https:\/\/www.radiomarket.fi\/en\/wp-json\/wp\/v2\/media?parent=30532"}],"curies":[{"name":"wp","href":"https:\/\/api.w.org\/{rel}","templated":true}]}}