{"id":30548,"date":"2022-01-29T18:32:09","date_gmt":"2022-01-29T16:32:09","guid":{"rendered":"https:\/\/www.radiomarket.fi\/?post_type=product&#038;p=30548"},"modified":"2023-11-16T21:58:47","modified_gmt":"2023-11-16T19:58:47","slug":"ekum0143-pitka-teleskooppiantenni-13mm-10-osainen","status":"publish","type":"product","link":"https:\/\/www.radiomarket.fi\/en\/kohde\/ekum0143-pitka-teleskooppiantenni-13mm-10-osainen\/","title":{"rendered":"EKUM0143 pitk\u00e4 teleskooppiantenni 125 cm 13mm 10-osainen"},"content":{"rendered":"<p>NOS.<\/p>\r\n\r\nK\u00e4ytt\u00e4m\u00e4t\u00f6n.","protected":false},"excerpt":{"rendered":"<p>NOS. K\u00e4ytt\u00e4m\u00e4t\u00f6n.<\/p>","protected":false},"featured_media":30545,"template":"","meta":[],"_links":{"self":[{"href":"https:\/\/www.radiomarket.fi\/en\/wp-json\/wp\/v2\/product\/30548"}],"collection":[{"href":"https:\/\/www.radiomarket.fi\/en\/wp-json\/wp\/v2\/product"}],"about":[{"href":"https:\/\/www.radiomarket.fi\/en\/wp-json\/wp\/v2\/types\/product"}],"wp:featuredmedia":[{"embeddable":true,"href":"https:\/\/www.radiomarket.fi\/en\/wp-json\/wp\/v2\/media\/30545"}],"wp:attachment":[{"href":"https:\/\/www.radiomarket.fi\/en\/wp-json\/wp\/v2\/media?parent=30548"}],"curies":[{"name":"wp","href":"https:\/\/api.w.org\/{rel}","templated":true}]}}