{"id":30603,"date":"2022-02-01T16:11:23","date_gmt":"2022-02-01T14:11:23","guid":{"rendered":"https:\/\/www.radiomarket.fi\/?post_type=product&#038;p=30603"},"modified":"2022-02-17T04:10:31","modified_gmt":"2022-02-17T02:10:31","slug":"ekub0135-standard-str-9x-yksikko-28lu222a","status":"publish","type":"product","link":"https:\/\/www.radiomarket.fi\/en\/kohde\/ekub0135-standard-str-9x-yksikko-28lu222a\/","title":{"rendered":"EKUB0135 Standard STR.9X yksikk\u00f6 28LU222A"},"content":{"rendered":"<p>Alunperin Vampire-suihkuh\u00e4vitt\u00e4j\u00e4n VHF-ilmailuradio STR.9X. yksikk\u00f6.<\/p><p>Putket paikollaan, kuntoa ei tutkittu.<\/p>","protected":false},"excerpt":{"rendered":"<p>Suomen Ilmavoimilla k\u00e4yt\u00f6ss\u00e4 aina 1970-luvun loppupuolelle eri tarkoituksissa. Kidelukittu AM-ilmailuradio.<\/p>","protected":false},"featured_media":30887,"template":"","meta":[],"_links":{"self":[{"href":"https:\/\/www.radiomarket.fi\/en\/wp-json\/wp\/v2\/product\/30603"}],"collection":[{"href":"https:\/\/www.radiomarket.fi\/en\/wp-json\/wp\/v2\/product"}],"about":[{"href":"https:\/\/www.radiomarket.fi\/en\/wp-json\/wp\/v2\/types\/product"}],"wp:featuredmedia":[{"embeddable":true,"href":"https:\/\/www.radiomarket.fi\/en\/wp-json\/wp\/v2\/media\/30887"}],"wp:attachment":[{"href":"https:\/\/www.radiomarket.fi\/en\/wp-json\/wp\/v2\/media?parent=30603"}],"curies":[{"name":"wp","href":"https:\/\/api.w.org\/{rel}","templated":true}]}}