{"id":30750,"date":"2022-02-05T17:00:05","date_gmt":"2022-02-05T15:00:05","guid":{"rendered":"https:\/\/www.radiomarket.fi\/?post_type=product&#038;p=30750"},"modified":"2022-06-07T11:48:51","modified_gmt":"2022-06-07T08:48:51","slug":"ekub0136-linjapihdit-billnas-sa-viesti-leimat","status":"publish","type":"product","link":"https:\/\/www.radiomarket.fi\/en\/kohde\/ekub0136-linjapihdit-billnas-sa-viesti-leimat\/","title":{"rendered":"EKUB0136 linjapihdit Billn\u00e4s SA Viesti leimat"},"content":{"rendered":"<p>Armeijan linjapihdit tongit<\/p><p>&#8211; SA-leima<\/p><p>&#8211; V-leima<\/p><p>&#8211; heikko Billn\u00e4s-leima<\/p>\r\n&#8211; kahvojen k\u00e4rjiss\u00e4 ruuvimeisseli ja neliskanttinen piikki.","protected":false},"excerpt":{"rendered":"<p>Armeijan linjapihdit tongit&#8211; SA-leima&#8211; V-leima&#8211; heikko Billn\u00e4s-leima &#8211; kahvojen k\u00e4rjiss\u00e4 ruuvimeisseli ja neliskanttinen piikki.<\/p>","protected":false},"featured_media":30754,"template":"","meta":[],"_links":{"self":[{"href":"https:\/\/www.radiomarket.fi\/en\/wp-json\/wp\/v2\/product\/30750"}],"collection":[{"href":"https:\/\/www.radiomarket.fi\/en\/wp-json\/wp\/v2\/product"}],"about":[{"href":"https:\/\/www.radiomarket.fi\/en\/wp-json\/wp\/v2\/types\/product"}],"wp:featuredmedia":[{"embeddable":true,"href":"https:\/\/www.radiomarket.fi\/en\/wp-json\/wp\/v2\/media\/30754"}],"wp:attachment":[{"href":"https:\/\/www.radiomarket.fi\/en\/wp-json\/wp\/v2\/media?parent=30750"}],"curies":[{"name":"wp","href":"https:\/\/api.w.org\/{rel}","templated":true}]}}