{"id":30763,"date":"2022-02-05T17:09:52","date_gmt":"2022-02-05T15:09:52","guid":{"rendered":"https:\/\/www.radiomarket.fi\/?post_type=product&#038;p=30763"},"modified":"2025-08-30T15:18:22","modified_gmt":"2025-08-30T12:18:22","slug":"ekub0139-sa-linjapihdit-saksalainen-nos","status":"publish","type":"product","link":"https:\/\/www.radiomarket.fi\/en\/kohde\/ekub0139-sa-linjapihdit-saksalainen-nos\/","title":{"rendered":"EKUB0139 SA linjapihdit saksalainen NOS"},"content":{"rendered":"<p>Armeijan linjapihdit tongit sodan j\u00e4lkeist\u00e4 tuotantoa. Tunnistamattoman valmistajan leiman lis\u00e4ksi GERMANY-teksti.<\/p><p>&nbsp;<\/p>\r\n\r\nMuotoilu, varsinkin leikkuuter\u00e4n viistous n\u00e4ytt\u00e4\u00e4 kyll\u00e4 aivan Billn\u00e4silt\u00e4.","protected":false},"excerpt":{"rendered":"<p>Armeijan linjapihdit tongit sodan j\u00e4lkeist\u00e4 tuotantoa. Tunnistamattoman valmistajan leiman lis\u00e4ksi GERMANY-teksti.&nbsp; Muotoilu, varsinkin leikkuuter\u00e4n viistous n\u00e4ytt\u00e4\u00e4 kyll\u00e4 aivan Billn\u00e4silt\u00e4.<\/p>","protected":false},"featured_media":30760,"template":"","meta":[],"_links":{"self":[{"href":"https:\/\/www.radiomarket.fi\/en\/wp-json\/wp\/v2\/product\/30763"}],"collection":[{"href":"https:\/\/www.radiomarket.fi\/en\/wp-json\/wp\/v2\/product"}],"about":[{"href":"https:\/\/www.radiomarket.fi\/en\/wp-json\/wp\/v2\/types\/product"}],"wp:featuredmedia":[{"embeddable":true,"href":"https:\/\/www.radiomarket.fi\/en\/wp-json\/wp\/v2\/media\/30760"}],"wp:attachment":[{"href":"https:\/\/www.radiomarket.fi\/en\/wp-json\/wp\/v2\/media?parent=30763"}],"curies":[{"name":"wp","href":"https:\/\/api.w.org\/{rel}","templated":true}]}}