{"id":30769,"date":"2022-02-07T14:04:59","date_gmt":"2022-02-07T12:04:59","guid":{"rendered":"https:\/\/www.radiomarket.fi\/?post_type=product&#038;p=30769"},"modified":"2022-02-09T14:30:40","modified_gmt":"2022-02-09T12:30:40","slug":"ekum0481-microsoft-lumia-550-suojakotelo-ja-laturi","status":"publish","type":"product","link":"https:\/\/www.radiomarket.fi\/en\/kohde\/ekum0481-microsoft-lumia-550-suojakotelo-ja-laturi\/","title":{"rendered":"EKUM0481 Microsoft Lumia 550, suojakotelo ja laturi"},"content":{"rendered":"<p>Ollut pitk\u00e4\u00e4n poissa k\u00e4yt\u00f6st\u00e4. Ladattaessa ainakin v\u00e4rin\u00e4toiminto reagoi ja n\u00e4ytt\u00e4\u00e4 akun kuvaa n\u00e4yt\u00f6ss\u00e4. Otti testiss\u00e4 my\u00f6s lopulta virtaa vastaan, ja k\u00e4ynnistyy, sek\u00e4 vaikuttaa toimivan oikein. Mukana laturi ja suojakotelo (pari murtumaa). Akun tyyppi BL-T5A 2100 mAh 3.7V 7.8Wh. Voidaan myyd\u00e4 settin\u00e4 tai tiedustele tarvitsemiasi osia setist\u00e4.<strong><br \/><br \/>Ainakin seuraavat osat rikki, puuttuvat tai poistettu:<\/strong><br \/><br \/>&#8211;<br \/><br \/>Muitakin osia saattaa olla purettu. Ei tutkittu tarkemmin. Varmistathan tietojen oikeellisuuden myyj\u00e4lt\u00e4.<\/p>","protected":false},"excerpt":{"rendered":"<p>Ollut pitk\u00e4\u00e4n poissa k\u00e4yt\u00f6st\u00e4. Ladattaessa ainakin v\u00e4rin\u00e4toiminto reagoi ja n\u00e4ytt\u00e4\u00e4 akun kuvaa n\u00e4yt\u00f6ss\u00e4. Otti testiss\u00e4 my\u00f6s lopulta virtaa vastaan, ja k\u00e4ynnistyy, sek\u00e4 vaikuttaa toimivan oikein. Mukana laturi ja suojakotelo (pari murtumaa). Akun tyyppi BL-T5A 2100 mAh 3.7V 7.8Wh. Voidaan myyd\u00e4 settin\u00e4 tai tiedustele tarvitsemiasi osia setist\u00e4.Ainakin seuraavat osat rikki, puuttuvat tai poistettu:&#8211;Muitakin osia saattaa olla &hellip;<\/p>\n<p class=\"read-more\"> <a class=\"thunk-readmore button\" href=\"https:\/\/www.radiomarket.fi\/en\/kohde\/ekum0481-microsoft-lumia-550-suojakotelo-ja-laturi\/\"> <span class=\"screen-reader-text\">EKUM0481 Microsoft Lumia 550, suojakotelo ja laturi<\/span>Read More<\/a><\/p>","protected":false},"featured_media":30819,"template":"","meta":[],"_links":{"self":[{"href":"https:\/\/www.radiomarket.fi\/en\/wp-json\/wp\/v2\/product\/30769"}],"collection":[{"href":"https:\/\/www.radiomarket.fi\/en\/wp-json\/wp\/v2\/product"}],"about":[{"href":"https:\/\/www.radiomarket.fi\/en\/wp-json\/wp\/v2\/types\/product"}],"wp:featuredmedia":[{"embeddable":true,"href":"https:\/\/www.radiomarket.fi\/en\/wp-json\/wp\/v2\/media\/30819"}],"wp:attachment":[{"href":"https:\/\/www.radiomarket.fi\/en\/wp-json\/wp\/v2\/media?parent=30769"}],"curies":[{"name":"wp","href":"https:\/\/api.w.org\/{rel}","templated":true}]}}