{"id":30789,"date":"2022-02-07T17:48:08","date_gmt":"2022-02-07T15:48:08","guid":{"rendered":"https:\/\/www.radiomarket.fi\/?post_type=product&#038;p=30789"},"modified":"2022-02-07T17:53:13","modified_gmt":"2022-02-07T15:53:13","slug":"ekub0141-ufojen-kosminen-viesti-kirjoittanut-tapani-koivula","status":"publish","type":"product","link":"https:\/\/www.radiomarket.fi\/en\/kohde\/ekub0141-ufojen-kosminen-viesti-kirjoittanut-tapani-koivula\/","title":{"rendered":"EKUB0141 Ufojen kosminen viesti kirjoittanut Tapani Koivula"},"content":{"rendered":"<p>Kunto huono, kakkoskansi puuttuu, merkint\u00f6j\u00e4 korostustussilla, kosteusj\u00e4lke\u00e4.<\/p>","protected":false},"excerpt":{"rendered":"<p>Kunto huono, kakkoskansi puuttuu, merkint\u00f6j\u00e4 korostustussilla, kosteusj\u00e4lke\u00e4.<\/p>","protected":false},"featured_media":30790,"template":"","meta":[],"_links":{"self":[{"href":"https:\/\/www.radiomarket.fi\/en\/wp-json\/wp\/v2\/product\/30789"}],"collection":[{"href":"https:\/\/www.radiomarket.fi\/en\/wp-json\/wp\/v2\/product"}],"about":[{"href":"https:\/\/www.radiomarket.fi\/en\/wp-json\/wp\/v2\/types\/product"}],"wp:featuredmedia":[{"embeddable":true,"href":"https:\/\/www.radiomarket.fi\/en\/wp-json\/wp\/v2\/media\/30790"}],"wp:attachment":[{"href":"https:\/\/www.radiomarket.fi\/en\/wp-json\/wp\/v2\/media?parent=30789"}],"curies":[{"name":"wp","href":"https:\/\/api.w.org\/{rel}","templated":true}]}}