{"id":30849,"date":"2022-02-10T10:04:27","date_gmt":"2022-02-10T08:04:27","guid":{"rendered":"https:\/\/www.radiomarket.fi\/?post_type=product&#038;p=30849"},"modified":"2022-02-26T19:57:44","modified_gmt":"2022-02-26T17:57:44","slug":"ekub0140-mikromikko-nokia-tietokone-naytto-nappaimisto","status":"publish","type":"product","link":"https:\/\/www.radiomarket.fi\/en\/kohde\/ekub0140-mikromikko-nokia-tietokone-naytto-nappaimisto\/","title":{"rendered":"EKUB0140 MikroMikko Nokia tietokone n\u00e4ytt\u00f6 n\u00e4pp\u00e4imist\u00f6"},"content":{"rendered":"<p>K\u00e4ynnistett\u00e4ess\u00e4 p\u00e4\u00e4stiin k\u00e4ytt\u00f6j\u00e4rjestelm\u00e4\u00e4levykyselyyn saakka. K\u00e4ytett\u00e4viss\u00e4 ei ollut toimivaa DOS 3-levykett\u00e4. Toinen lerppuasema vaihdettu ilmeisesti my\u00f6hemmin korppuasemaksi.<\/p><p>Halutessasi paketin erillisk\u00e4sittelyn olethan yhteydess\u00e4 s\u00e4hk\u00f6postitse.<\/p>","protected":false},"excerpt":{"rendered":"<p>K\u00e4ynnistett\u00e4ess\u00e4 p\u00e4\u00e4stiin k\u00e4ytt\u00f6j\u00e4rjestelm\u00e4\u00e4levykyselyyn saakka. K\u00e4ytett\u00e4viss\u00e4 ei ollut toimivaa DOS 3-levykett\u00e4. Toinen lerppuasema vaihdettu ilmeisesti my\u00f6hemmin korppuasemaksi.Halutessasi paketin erillisk\u00e4sittelyn olethan yhteydess\u00e4 s\u00e4hk\u00f6postitse.<\/p>","protected":false},"featured_media":30777,"template":"","meta":[],"_links":{"self":[{"href":"https:\/\/www.radiomarket.fi\/en\/wp-json\/wp\/v2\/product\/30849"}],"collection":[{"href":"https:\/\/www.radiomarket.fi\/en\/wp-json\/wp\/v2\/product"}],"about":[{"href":"https:\/\/www.radiomarket.fi\/en\/wp-json\/wp\/v2\/types\/product"}],"wp:featuredmedia":[{"embeddable":true,"href":"https:\/\/www.radiomarket.fi\/en\/wp-json\/wp\/v2\/media\/30777"}],"wp:attachment":[{"href":"https:\/\/www.radiomarket.fi\/en\/wp-json\/wp\/v2\/media?parent=30849"}],"curies":[{"name":"wp","href":"https:\/\/api.w.org\/{rel}","templated":true}]}}