{"id":30863,"date":"2022-02-10T10:44:38","date_gmt":"2022-02-10T08:44:38","guid":{"rendered":"https:\/\/www.radiomarket.fi\/?post_type=product&#038;p=30863"},"modified":"2022-07-24T16:20:39","modified_gmt":"2022-07-24T13:20:39","slug":"ekub0146-nappaimisto-key-tronic-ireland-din-liitin","status":"publish","type":"product","link":"https:\/\/www.radiomarket.fi\/en\/kohde\/ekub0146-nappaimisto-key-tronic-ireland-din-liitin\/","title":{"rendered":"EKUB0146 n\u00e4pp\u00e4imist\u00f6 Key Tronic Ireland DIN-liitin"},"content":{"rendered":"<p>K\u00e4yt\u00f6st\u00e4 aikoinaan j\u00e4\u00e4nyt.<\/p>","protected":false},"excerpt":{"rendered":"<p>K\u00e4yt\u00f6st\u00e4 aikoinaan j\u00e4\u00e4nyt.<\/p>","protected":false},"featured_media":30855,"template":"","meta":[],"_links":{"self":[{"href":"https:\/\/www.radiomarket.fi\/en\/wp-json\/wp\/v2\/product\/30863"}],"collection":[{"href":"https:\/\/www.radiomarket.fi\/en\/wp-json\/wp\/v2\/product"}],"about":[{"href":"https:\/\/www.radiomarket.fi\/en\/wp-json\/wp\/v2\/types\/product"}],"wp:featuredmedia":[{"embeddable":true,"href":"https:\/\/www.radiomarket.fi\/en\/wp-json\/wp\/v2\/media\/30855"}],"wp:attachment":[{"href":"https:\/\/www.radiomarket.fi\/en\/wp-json\/wp\/v2\/media?parent=30863"}],"curies":[{"name":"wp","href":"https:\/\/api.w.org\/{rel}","templated":true}]}}