{"id":30923,"date":"2022-02-20T16:04:07","date_gmt":"2022-02-20T14:04:07","guid":{"rendered":"https:\/\/www.radiomarket.fi\/?post_type=product&#038;p=30923"},"modified":"2023-09-15T12:13:37","modified_gmt":"2023-09-15T09:13:37","slug":"ekum0159-kroko-bs24p-tarranauha-24mm-mustaa-mattahopealla","status":"publish","type":"product","link":"https:\/\/www.radiomarket.fi\/en\/kohde\/ekum0159-kroko-bs24p-tarranauha-24mm-mustaa-mattahopealla\/","title":{"rendered":"EKUM0159 ER\u00c4 Kroko BS24P tarranauha 24mm  mustaa mattahopealla"},"content":{"rendered":"<p>NOS uutta vanhaa varastoa, rasioista p\u00e4\u00e4tellen k\u00e4ytt\u00e4m\u00e4t\u00f6nt\u00e4, yhdeks\u00e4n rasian er\u00e4.<\/p>","protected":false},"excerpt":{"rendered":"<p>NOS uutta vanhaa varastoa, rasioista p\u00e4\u00e4tellen k\u00e4ytt\u00e4m\u00e4t\u00f6nt\u00e4, yhdeks\u00e4n rasian er\u00e4.<\/p>","protected":false},"featured_media":30924,"template":"","meta":[],"_links":{"self":[{"href":"https:\/\/www.radiomarket.fi\/en\/wp-json\/wp\/v2\/product\/30923"}],"collection":[{"href":"https:\/\/www.radiomarket.fi\/en\/wp-json\/wp\/v2\/product"}],"about":[{"href":"https:\/\/www.radiomarket.fi\/en\/wp-json\/wp\/v2\/types\/product"}],"wp:featuredmedia":[{"embeddable":true,"href":"https:\/\/www.radiomarket.fi\/en\/wp-json\/wp\/v2\/media\/30924"}],"wp:attachment":[{"href":"https:\/\/www.radiomarket.fi\/en\/wp-json\/wp\/v2\/media?parent=30923"}],"curies":[{"name":"wp","href":"https:\/\/api.w.org\/{rel}","templated":true}]}}