{"id":30925,"date":"2025-07-09T15:05:11","date_gmt":"2025-07-09T12:05:11","guid":{"rendered":"https:\/\/www.radiomarket.fi\/?post_type=product&#038;p=30925"},"modified":"2025-07-11T16:54:42","modified_gmt":"2025-07-11T13:54:42","slug":"ekum0158-tepra-pro-su5s-tulostettava-kutistesukka-5mm","status":"publish","type":"product","link":"https:\/\/www.radiomarket.fi\/en\/kohde\/ekum0158-tepra-pro-su5s-tulostettava-kutistesukka-5mm\/","title":{"rendered":"EKUM0158 ER\u00c4 Tepra Pro SU5S tulostettava kutistesukka 5mm"},"content":{"rendered":"<p>NOS uutta vanhaa varastoa, rasioista p\u00e4\u00e4tellen k\u00e4ytt\u00e4m\u00e4t\u00f6nt\u00e4, viiden rasian er\u00e4.<\/p>","protected":false},"excerpt":{"rendered":"<p>NOS uutta vanhaa varastoa, rasioista p\u00e4\u00e4tellen k\u00e4ytt\u00e4m\u00e4t\u00f6nt\u00e4, viiden rasian er\u00e4.<\/p>","protected":false},"featured_media":30927,"template":"","meta":[],"_links":{"self":[{"href":"https:\/\/www.radiomarket.fi\/en\/wp-json\/wp\/v2\/product\/30925"}],"collection":[{"href":"https:\/\/www.radiomarket.fi\/en\/wp-json\/wp\/v2\/product"}],"about":[{"href":"https:\/\/www.radiomarket.fi\/en\/wp-json\/wp\/v2\/types\/product"}],"wp:featuredmedia":[{"embeddable":true,"href":"https:\/\/www.radiomarket.fi\/en\/wp-json\/wp\/v2\/media\/30927"}],"wp:attachment":[{"href":"https:\/\/www.radiomarket.fi\/en\/wp-json\/wp\/v2\/media?parent=30925"}],"curies":[{"name":"wp","href":"https:\/\/api.w.org\/{rel}","templated":true}]}}