{"id":30934,"date":"2022-02-20T19:31:35","date_gmt":"2022-02-20T17:31:35","guid":{"rendered":"https:\/\/www.radiomarket.fi\/?post_type=product&#038;p=30934"},"modified":"2024-10-30T16:06:44","modified_gmt":"2024-10-30T14:06:44","slug":"ekum0161-asa-1196-kaiutinritila","status":"publish","type":"product","link":"https:\/\/www.radiomarket.fi\/en\/kohde\/ekum0161-asa-1196-kaiutinritila\/","title":{"rendered":"EKUM0161 Asa 1196 kaiutinritil\u00e4"},"content":{"rendered":"<p>Lievi\u00e4 v\u00e4rj\u00e4ymi\u00e4 havaittavissa.<\/p>","protected":false},"excerpt":{"rendered":"<p>Lievi\u00e4 v\u00e4rj\u00e4ymi\u00e4 havaittavissa.<\/p>","protected":false},"featured_media":30931,"template":"","meta":[],"_links":{"self":[{"href":"https:\/\/www.radiomarket.fi\/en\/wp-json\/wp\/v2\/product\/30934"}],"collection":[{"href":"https:\/\/www.radiomarket.fi\/en\/wp-json\/wp\/v2\/product"}],"about":[{"href":"https:\/\/www.radiomarket.fi\/en\/wp-json\/wp\/v2\/types\/product"}],"wp:featuredmedia":[{"embeddable":true,"href":"https:\/\/www.radiomarket.fi\/en\/wp-json\/wp\/v2\/media\/30931"}],"wp:attachment":[{"href":"https:\/\/www.radiomarket.fi\/en\/wp-json\/wp\/v2\/media?parent=30934"}],"curies":[{"name":"wp","href":"https:\/\/api.w.org\/{rel}","templated":true}]}}