{"id":30963,"date":"2022-02-20T21:26:54","date_gmt":"2022-02-20T19:26:54","guid":{"rendered":"https:\/\/www.radiomarket.fi\/?post_type=product&#038;p=30963"},"modified":"2022-07-23T19:54:37","modified_gmt":"2022-07-23T16:54:37","slug":"ekub0150-beko-19-tuuman-vari-tv","status":"publish","type":"product","link":"https:\/\/www.radiomarket.fi\/en\/kohde\/ekub0150-beko-19-tuuman-vari-tv\/","title":{"rendered":"EKUB0150 Beko 19-tuuman v\u00e4ri-tv"},"content":{"rendered":"<p>Toimiva v\u00e4ri-tv ilman kaukos\u00e4\u00e4dint\u00e4. Kuvaruudun halkaisija 50 cm\/19&#8243;. Tarrat irroitettavissa.<\/p>","protected":false},"excerpt":{"rendered":"<p>Toimiva v\u00e4ri-tv ilman kaukos\u00e4\u00e4dint\u00e4. Kuvaruudun halkaisija 50 cm\/19&#8243;. Tarrat irroitettavissa.<\/p>","protected":false},"featured_media":30954,"template":"","meta":[],"_links":{"self":[{"href":"https:\/\/www.radiomarket.fi\/en\/wp-json\/wp\/v2\/product\/30963"}],"collection":[{"href":"https:\/\/www.radiomarket.fi\/en\/wp-json\/wp\/v2\/product"}],"about":[{"href":"https:\/\/www.radiomarket.fi\/en\/wp-json\/wp\/v2\/types\/product"}],"wp:featuredmedia":[{"embeddable":true,"href":"https:\/\/www.radiomarket.fi\/en\/wp-json\/wp\/v2\/media\/30954"}],"wp:attachment":[{"href":"https:\/\/www.radiomarket.fi\/en\/wp-json\/wp\/v2\/media?parent=30963"}],"curies":[{"name":"wp","href":"https:\/\/api.w.org\/{rel}","templated":true}]}}