{"id":31061,"date":"2022-02-25T09:55:30","date_gmt":"2022-02-25T07:55:30","guid":{"rendered":"https:\/\/www.radiomarket.fi\/?post_type=product&#038;p=31061"},"modified":"2023-02-03T12:12:23","modified_gmt":"2023-02-03T10:12:23","slug":"ekum0214-radio-tv-ym-nuppeja","status":"publish","type":"product","link":"https:\/\/www.radiomarket.fi\/en\/kohde\/ekum0214-radio-tv-ym-nuppeja\/","title":{"rendered":"EKUM0214 radio, TV ym. nuppeja"},"content":{"rendered":"<p>Tilatessasi ilmoitathan tuotenumeron (esim EKUA 1234) ja tilaamasi nupin paikan kuvassa (esim. toiseksi ylin rivi, toinen nuppi vasemmalta). Osa nupeista on saatettu myyd\u00e4, joten kannattaa varmistaa saatavuus etuk\u00e4teen s\u00e4hk\u00f6postitse. Voit tilata s\u00e4hk\u00f6postitse my\u00f6s siin\u00e4 tapauksessa, mik\u00e4li arvelet tuotteen sopivan kirjetoimituksena (kirjeen paksuus max 3cm).<br \/><br \/>Yl\u00e4rivi: kolmas oikealta 5 kpl, joista kolmessa &#8220;p\u00f6lykapseli&#8221;<br \/>Toiseksi ylin rivi: toinen vasemmalta, j\u00e4ljell\u00e4 3 kpl ilman p\u00f6lykapselia ja 1 kpl jossa huono p\u00f6lykapseli<br \/>Toiseksi alin rivi: kolmas nuppi vasemmalta: ruskea kullanv\u00e4risell\u00e4 renkaalla, mutta muuten samanlainen kuin esim ASA 1180TM (huomaathan ett\u00e4 sis\u00e4osaltaan t\u00e4m\u00e4 on rikki. EKUM0237 saatavilla rungoltaan ehj\u00e4 nuppi josta puuttuu kullanv\u00e4rinen rengas. Niist\u00e4 voi rakentaa yhden ehj\u00e4n. <br \/>Toiseksi alin rivi: kolmas nuppi oikealta (4 kpl). Samaa nuppia (Helvar) l\u00f6ytyy my\u00f6s tuotteesta EKUM0234.<br \/>Alarivi: toinen vasemmalta 2 kpl, kahdella erikokoisella akselinrei\u00e4ll\u00e4<br \/><br \/><strong>Ainakin seuraavat nupit myyty:<br \/><br \/><\/strong>-Yl\u00e4rivi: toinen oikealta myyty.<br \/>-Toiseksi ylin rivi: kolmas vasemmalta molemmat myyty, kolmas oikealta myyty, nelj\u00e4s oikealta myyty<br \/>-Toiseksi alin rivi: Ensimm\u00e4inen vasemmalta myyty, nelj\u00e4s vasemmalta myyty. Toinen nuppi oikealta myyty.<br \/>-Alarivi: toinen vasemmalta j\u00e4ljell\u00e4 vain 2 kpl<br \/>-Alarivi: kolmas vasemmalta myyty<br \/><br \/>Muitakin nuppeja on saatettu myyd\u00e4, joten varmistathan saatavuuden.\u00a0<br \/><br \/>Kuvaan on laitettu malliksi yksi kutakin nuppia. Samanlaisia nuppeja voi olla varastossa enemm\u00e4nkin. Nupit ovat p\u00e4\u00e4osin k\u00e4ytettyj\u00e4, purkuradioista purettuja.<\/p>","protected":false},"excerpt":{"rendered":"<p>Tilatessasi ilmoitathan tuotenumeron (esim EKUA 1234) ja tilaamasi nupin paikan kuvassa (esim. toiseksi ylin rivi, toinen nuppi vasemmalta). Osa nupeista on saatettu myyd\u00e4, joten kannattaa varmistaa saatavuus etuk\u00e4teen s\u00e4hk\u00f6postitse. Voit tilata s\u00e4hk\u00f6postitse my\u00f6s siin\u00e4 tapauksessa, mik\u00e4li arvelet tuotteen sopivan kirjetoimituksena (kirjeen paksuus max 3cm).Yl\u00e4rivi: kolmas oikealta 5 kpl, joista kolmessa &#8220;p\u00f6lykapseli&#8221;Toiseksi ylin rivi: toinen vasemmalta, &hellip;<\/p>\n<p class=\"read-more\"> <a class=\"thunk-readmore button\" href=\"https:\/\/www.radiomarket.fi\/en\/kohde\/ekum0214-radio-tv-ym-nuppeja\/\"> <span class=\"screen-reader-text\">EKUM0214 radio, TV ym. nuppeja<\/span>Read More<\/a><\/p>","protected":false},"featured_media":31063,"template":"","meta":[],"_links":{"self":[{"href":"https:\/\/www.radiomarket.fi\/en\/wp-json\/wp\/v2\/product\/31061"}],"collection":[{"href":"https:\/\/www.radiomarket.fi\/en\/wp-json\/wp\/v2\/product"}],"about":[{"href":"https:\/\/www.radiomarket.fi\/en\/wp-json\/wp\/v2\/types\/product"}],"wp:featuredmedia":[{"embeddable":true,"href":"https:\/\/www.radiomarket.fi\/en\/wp-json\/wp\/v2\/media\/31063"}],"wp:attachment":[{"href":"https:\/\/www.radiomarket.fi\/en\/wp-json\/wp\/v2\/media?parent=31061"}],"curies":[{"name":"wp","href":"https:\/\/api.w.org\/{rel}","templated":true}]}}