{"id":31065,"date":"2022-02-25T09:57:10","date_gmt":"2022-02-25T07:57:10","guid":{"rendered":"https:\/\/www.radiomarket.fi\/?post_type=product&#038;p=31065"},"modified":"2024-09-04T15:50:06","modified_gmt":"2024-09-04T12:50:06","slug":"ekum0215-radio-tv-ym-nuppeja","status":"publish","type":"product","link":"https:\/\/www.radiomarket.fi\/en\/kohde\/ekum0215-radio-tv-ym-nuppeja\/","title":{"rendered":"EKUM0215 radio, TV ym. nuppeja"},"content":{"rendered":"<p>Tilatessasi ilmoitathan tuotenumeron (esim EKUA 1234) ja tilaamasi nupin paikan kuvassa (esim. toiseksi ylin rivi, toinen nuppi vasemmalta). Osa nupeista on saatettu myyd\u00e4, joten kannattaa varmistaa saatavuus etuk\u00e4teen s\u00e4hk\u00f6postitse. Voit tilata s\u00e4hk\u00f6postitse my\u00f6s siin\u00e4 tapauksessa, mik\u00e4li arvelet tuotteen sopivan kirjetoimituksena (kirjeen paksuus max 3cm). Lis\u00e4\u00e4 nuppeja Radiomarketin tuotekategoriassa &#8220;Nupit&#8221;.<\/p><p><br \/><strong>Saatavuus:<\/strong><\/p><p>Ylin rivi ensimm\u00e4inen nuppi vasemmalta 1 kpl<br \/>Ylin rivi toinen nuppi vasemmalta 1 kpl<br \/>Ylin rivi toinen nuppi oikealta 1 kpl<br \/>Keskirivi, ensimm\u00e4inen nuppi vasemmalta 4 kpl<br \/>Keskirivi, kolmas nuppi vasemmalta 9 kpl<br \/>Keskirivi, kolmas nuppi oikealta 7 kpl<br \/>Keskirivi, toinen nuppi oikealta 7 kpl<br \/>Alin rivi, ensimm\u00e4inen nuppi oikealta 1 kpl<br \/>Alin rivi, ensimm\u00e4inen nuppi vasemmalta 1 kpl<br \/><br \/><strong>Ainakin seuraavat nupit myyty:<br \/><br \/><\/strong>Ylin rivi kolmas nuppi vasemmalta myyty<br \/>Ylin rivi kolmas nuppi oikealta, molemmat myyty. Ylin rivi, kolmas nuppi vasemmalta, samantyylist\u00e4 nuppia my\u00f6s tuotteessa EKUM0223.<br \/>Ylin rivi, ensimm\u00e4inen nuppi oikealta myyty.<br \/>Keskirivi, toinen nuppi vasemmalta kaikki myyty (sopivuus ilmeisesti radioon Harmon 175W-ULA)<br \/>Keskirivi, ensimm\u00e4inen nuppi oikealta myyty.<br \/>Alin rivi, toinen nuppi vasemmalta myyty<br \/>Alin rivi, toinen nuppi oikealta myyty<br \/><br \/>Muitakin nuppeja on saatettu myyd\u00e4, joten varmistathan saatavuuden.\u00a0<br \/><br \/>Kuvaan on laitettu malliksi yksi kutakin nuppia. Samanlaisia tai vastaavia nuppeja voi olla varastossa enemm\u00e4nkin. Nupit ovat p\u00e4\u00e4osin k\u00e4ytettyj\u00e4, purkuradioista purettuja. Joistakin voi puuttua ruuvi ja\/tai mutteri. Myyd\u00e4\u00e4n paremmuusj\u00e4rjestyksess\u00e4.<\/p>","protected":false},"excerpt":{"rendered":"<p>Tilatessasi ilmoitathan tuotenumeron (esim EKUA 1234) ja tilaamasi nupin paikan kuvassa (esim. toiseksi ylin rivi, toinen nuppi vasemmalta). Osa nupeista on saatettu myyd\u00e4, joten kannattaa varmistaa saatavuus etuk\u00e4teen s\u00e4hk\u00f6postitse. Voit tilata s\u00e4hk\u00f6postitse my\u00f6s siin\u00e4 tapauksessa, mik\u00e4li arvelet tuotteen sopivan kirjetoimituksena (kirjeen paksuus max 3cm). Lis\u00e4\u00e4 nuppeja Radiomarketin tuotekategoriassa &#8220;Nupit&#8221;.Saatavuus:Ylin rivi ensimm\u00e4inen nuppi vasemmalta 1 kplYlin &hellip;<\/p>\n<p class=\"read-more\"> <a class=\"thunk-readmore button\" href=\"https:\/\/www.radiomarket.fi\/en\/kohde\/ekum0215-radio-tv-ym-nuppeja\/\"> <span class=\"screen-reader-text\">EKUM0215 radio, TV ym. nuppeja<\/span>Read More<\/a><\/p>","protected":false},"featured_media":31066,"template":"","meta":[],"_links":{"self":[{"href":"https:\/\/www.radiomarket.fi\/en\/wp-json\/wp\/v2\/product\/31065"}],"collection":[{"href":"https:\/\/www.radiomarket.fi\/en\/wp-json\/wp\/v2\/product"}],"about":[{"href":"https:\/\/www.radiomarket.fi\/en\/wp-json\/wp\/v2\/types\/product"}],"wp:featuredmedia":[{"embeddable":true,"href":"https:\/\/www.radiomarket.fi\/en\/wp-json\/wp\/v2\/media\/31066"}],"wp:attachment":[{"href":"https:\/\/www.radiomarket.fi\/en\/wp-json\/wp\/v2\/media?parent=31065"}],"curies":[{"name":"wp","href":"https:\/\/api.w.org\/{rel}","templated":true}]}}