{"id":31068,"date":"2025-09-06T10:02:10","date_gmt":"2025-09-06T07:02:10","guid":{"rendered":"https:\/\/www.radiomarket.fi\/?post_type=product&#038;p=31068"},"modified":"2025-11-11T18:16:23","modified_gmt":"2025-11-11T16:16:23","slug":"ekum0216-radio-tv-ym-nuppeja","status":"publish","type":"product","link":"https:\/\/www.radiomarket.fi\/en\/kohde\/ekum0216-radio-tv-ym-nuppeja\/","title":{"rendered":"EKUM0216 radio, TV ym. nuppeja"},"content":{"rendered":"<p>Tilatessasi ilmoitathan tuotenumeron (esim EKUA 1234) ja tilaamasi nupin paikan kuvassa (esim. toiseksi ylin rivi, toinen nuppi vasemmalta). Osa nupeista on saatettu myyd\u00e4, joten kannattaa varmistaa saatavuus etuk\u00e4teen s\u00e4hk\u00f6postitse. Voit tilata s\u00e4hk\u00f6postitse my\u00f6s siin\u00e4 tapauksessa, mik\u00e4li arvelet tuotteen sopivan kirjetoimituksena (kirjeen paksuus max 3cm). Lis\u00e4\u00e4 nuppeja Radiomarketin tuotekategoriassa &#8220;Nupit&#8221;.<\/p><p><br \/><strong>Saatavuus (20251111):<br \/><br \/><\/strong>Ylin rivi: ensimm\u00e4inen nuppi vasemmalta 2 kpl (Helvar), kolmas nuppi oikealta 1 kpl, toinen nuppi oikealta 1 kpl, ensimm\u00e4inen nuppi oikealta 1 kpl<br \/>Toinen rivi ylh\u00e4\u00e4lt\u00e4: ensimm\u00e4inen nuppi vasemmalta 1 kpl, toinen nuppi vasemmalta 1 kpl, kolmas nuppi vasemmalta (Helvar Celeston) 3 kpl, p\u00f6lykapselit osassa ep\u00e4siistej\u00e4, kolmas nuppi oikealta 1 kpl, ensimm\u00e4inen nuppi oikealta 2 kpl<br \/>Toinen rivi alhaalta: toinen nuppi vasemmalta 1 kpl, kolmas nuppi vasemmalta 1 kpl, kolmas nuppi oikealta 2 kpl, toinen nuppi oikealta 2 kpl, ensimm\u00e4inen nuppi oikealta 2 kpl<br \/>Alin rivi: ensimm\u00e4inen nuppi vasemmalta 1 kpl, nelj\u00e4s nuppi vasemmalta 1 kpl, kolmas nuppi oikealta 1 kpl, ensimm\u00e4inen nuppi oikealta 4 kpl<\/p><p><br \/><strong>Ainakin seuraavat nupit myyty:<br \/><br \/><\/strong>Ylin rivi: toinen ja kolmas nuppi vasemmalta<br \/>Toinen rivi ylh\u00e4\u00e4lt\u00e4: toinen nuppi oikealta<br \/>Toinen rivi alhaalta: ensimm\u00e4inen nuppi vasemmalta<br \/>Alin rivi: toinen ja kolmas nuppi vasemmalta, toinen nuppi oikealta<br \/><br \/>Muitakin nuppeja on saatettu myyd\u00e4, joten varmistathan saatavuuden.\u00a0<br \/><br \/>Kuvaan on laitettu malliksi yksi kutakin nuppia. Samanlaisia tai vastaavia nuppeja voi olla varastossa enemm\u00e4nkin. Nupit ovat p\u00e4\u00e4osin k\u00e4ytettyj\u00e4, purkuradioista purettuja. Joistakin voi puuttua ruuvi ja\/tai mutteri. Myyd\u00e4\u00e4n paremmuusj\u00e4rjestyksess\u00e4.<\/p>","protected":false},"excerpt":{"rendered":"<p>Tilatessasi ilmoitathan tuotenumeron (esim EKUA 1234) ja tilaamasi nupin paikan kuvassa (esim. toiseksi ylin rivi, toinen nuppi vasemmalta). Osa nupeista on saatettu myyd\u00e4, joten kannattaa varmistaa saatavuus etuk\u00e4teen s\u00e4hk\u00f6postitse. Voit tilata s\u00e4hk\u00f6postitse my\u00f6s siin\u00e4 tapauksessa, mik\u00e4li arvelet tuotteen sopivan kirjetoimituksena (kirjeen paksuus max 3cm). Lis\u00e4\u00e4 nuppeja Radiomarketin tuotekategoriassa &#8220;Nupit&#8221;.Saatavuus (20251111):Ylin rivi: ensimm\u00e4inen nuppi vasemmalta 2 &hellip;<\/p>\n<p class=\"read-more\"> <a class=\"thunk-readmore button\" href=\"https:\/\/www.radiomarket.fi\/en\/kohde\/ekum0216-radio-tv-ym-nuppeja\/\"> <span class=\"screen-reader-text\">EKUM0216 radio, TV ym. nuppeja<\/span>Read More<\/a><\/p>","protected":false},"featured_media":31069,"template":"","meta":[],"_links":{"self":[{"href":"https:\/\/www.radiomarket.fi\/en\/wp-json\/wp\/v2\/product\/31068"}],"collection":[{"href":"https:\/\/www.radiomarket.fi\/en\/wp-json\/wp\/v2\/product"}],"about":[{"href":"https:\/\/www.radiomarket.fi\/en\/wp-json\/wp\/v2\/types\/product"}],"wp:featuredmedia":[{"embeddable":true,"href":"https:\/\/www.radiomarket.fi\/en\/wp-json\/wp\/v2\/media\/31069"}],"wp:attachment":[{"href":"https:\/\/www.radiomarket.fi\/en\/wp-json\/wp\/v2\/media?parent=31068"}],"curies":[{"name":"wp","href":"https:\/\/api.w.org\/{rel}","templated":true}]}}