{"id":31128,"date":"2025-05-27T10:41:13","date_gmt":"2025-05-27T07:41:13","guid":{"rendered":"https:\/\/www.radiomarket.fi\/?post_type=product&#038;p=31128"},"modified":"2025-06-19T18:16:23","modified_gmt":"2025-06-19T15:16:23","slug":"ekum0236-radio-tv-ym-nuppeja","status":"publish","type":"product","link":"https:\/\/www.radiomarket.fi\/en\/kohde\/ekum0236-radio-tv-ym-nuppeja\/","title":{"rendered":"EKUM0236 radio, TV ym. nuppeja"},"content":{"rendered":"<p>Tilatessasi ilmoitathan tuotenumeron (esim EKUA 1234) ja tilaamasi nupin paikan kuvassa (esim. toiseksi ylin rivi, toinen nuppi vasemmalta). Osa nupeista on saatettu myyd\u00e4, joten kannattaa varmistaa saatavuus etuk\u00e4teen s\u00e4hk\u00f6postitse. Voit tilata s\u00e4hk\u00f6postitse my\u00f6s siin\u00e4 tapauksessa, mik\u00e4li arvelet tuotteen sopivan kirjetoimituksena (kirjeen paksuus max 3cm). T\u00e4m\u00e4n tuotteen tapauksessa yl\u00e4rivin ensimm\u00e4inen vasemmalta ja kolmas oikealta eiv\u00e4t mahdu kirjeeseen, muut sopivat.<\/p><p>Lis\u00e4\u00e4 nuppeja Radiomarketin tuotekategoriassa &#8220;Nupit&#8221;.<\/p><p><br \/><strong>Saatavuus:<\/strong><br \/><br \/><strong>Ylin rivi:<\/strong> nelj\u00e4s nuppi vasemmalta (2kpl), muita j\u00e4ljell\u00e4 1 kpl.<br \/><br \/><strong>Toiseksi ylin rivi:<\/strong> nelj\u00e4s nuppi vasemmalta (2kpl), viides nuppi vasemmalta (2kpl), muita j\u00e4ljell\u00e4 1 kpl.<br \/><br \/><strong>Kolmanneksi ylin rivi:<\/strong> nelj\u00e4s nuppi vasemmalta myyty (Salora Ulamatic\/Ulamatik), viides nuppi oikealta myyty, ensimm\u00e4inen nuppi oikealta myyty. Muita j\u00e4ljell\u00e4 1 kpl.<br \/><br \/><strong>Kolmanneksi alin rivi:<\/strong> kaikkia nuppeja j\u00e4ljell\u00e4 1 kpl, nelj\u00e4s nuppi vasemmalta: kuvan perusteella vaikuttaisi olevan &#8220;pieni sininen&#8221;.<br \/><br \/><strong>Toiseksi alin rivi:<\/strong> nelj\u00e4s nuppi oikealta myyty, muita j\u00e4ljell\u00e4 1 kpl.<br \/><br \/><strong>Alin rivi:<\/strong> kolmas, nelj\u00e4s ja viides nuppi oikealta myyty, muita j\u00e4ljell\u00e4 1kpl.<br \/><br \/><strong>Ainakin seuraavat nupit myyty:<br \/><br \/>Kolmanneksi ylin rivi: <\/strong>nelj\u00e4s nuppi vasemmalta myyty, viides nuppi oikealta myyty, ensimm\u00e4inen nuppi oikealta myyty.<strong><br \/><br \/>Toiseksi alin rivi: <\/strong>nelj\u00e4s nuppi oikealta myyty<strong><br \/><br \/>Alin rivi: <\/strong>kolmas, nelj\u00e4s ja viides nuppi oikealta myyty<br \/><br \/>Muitakin nuppeja voi olla myyty, joten varmistathan saatavuuden.<br \/><br \/>Kuvaan on laitettu malliksi yksi kutakin nuppia. Samanlaisia tai vastaavia nuppeja voi olla varastossa enemm\u00e4nkin. Nupit ovat p\u00e4\u00e4osin k\u00e4ytettyj\u00e4, purkuradioista purettuja. Joistakin voi puuttua ruuvi ja\/tai mutteri. Myyd\u00e4\u00e4n paremmuusj\u00e4rjestyksess\u00e4.<br \/><br \/><\/p>","protected":false},"excerpt":{"rendered":"<p>Tilatessasi ilmoitathan tuotenumeron (esim EKUA 1234) ja tilaamasi nupin paikan kuvassa (esim. toiseksi ylin rivi, toinen nuppi vasemmalta). Osa nupeista on saatettu myyd\u00e4, joten kannattaa varmistaa saatavuus etuk\u00e4teen s\u00e4hk\u00f6postitse. Voit tilata s\u00e4hk\u00f6postitse my\u00f6s siin\u00e4 tapauksessa, mik\u00e4li arvelet tuotteen sopivan kirjetoimituksena (kirjeen paksuus max 3cm). T\u00e4m\u00e4n tuotteen tapauksessa yl\u00e4rivin ensimm\u00e4inen vasemmalta ja kolmas oikealta eiv\u00e4t mahdu &hellip;<\/p>\n<p class=\"read-more\"> <a class=\"thunk-readmore button\" href=\"https:\/\/www.radiomarket.fi\/en\/kohde\/ekum0236-radio-tv-ym-nuppeja\/\"> <span class=\"screen-reader-text\">EKUM0236 radio, TV ym. nuppeja<\/span>Read More<\/a><\/p>","protected":false},"featured_media":31130,"template":"","meta":[],"_links":{"self":[{"href":"https:\/\/www.radiomarket.fi\/en\/wp-json\/wp\/v2\/product\/31128"}],"collection":[{"href":"https:\/\/www.radiomarket.fi\/en\/wp-json\/wp\/v2\/product"}],"about":[{"href":"https:\/\/www.radiomarket.fi\/en\/wp-json\/wp\/v2\/types\/product"}],"wp:featuredmedia":[{"embeddable":true,"href":"https:\/\/www.radiomarket.fi\/en\/wp-json\/wp\/v2\/media\/31130"}],"wp:attachment":[{"href":"https:\/\/www.radiomarket.fi\/en\/wp-json\/wp\/v2\/media?parent=31128"}],"curies":[{"name":"wp","href":"https:\/\/api.w.org\/{rel}","templated":true}]}}