{"id":31133,"date":"2026-01-22T10:42:53","date_gmt":"2026-01-22T08:42:53","guid":{"rendered":"https:\/\/www.radiomarket.fi\/?post_type=product&#038;p=31133"},"modified":"2026-01-22T16:14:09","modified_gmt":"2026-01-22T14:14:09","slug":"ekum0237-radio-tv-ym-nuppeja","status":"publish","type":"product","link":"https:\/\/www.radiomarket.fi\/en\/kohde\/ekum0237-radio-tv-ym-nuppeja\/","title":{"rendered":"EKUM0237 radio, TV ym. nuppeja"},"content":{"rendered":"<p>Tilatessasi ilmoitathan tuotenumeron (esim EKUA 1234) ja tilaamasi nupin paikan kuvassa (esim. toiseksi ylin rivi, toinen nuppi vasemmalta). Osa nupeista on saatettu myyd\u00e4, joten kannattaa varmistaa saatavuus etuk\u00e4teen s\u00e4hk\u00f6postitse. Voit tilata s\u00e4hk\u00f6postitse my\u00f6s siin\u00e4 tapauksessa, mik\u00e4li arvelet tuotteen sopivan kirjetoimituksena (kirjeen paksuus max 3cm).<br \/><br \/>Yl\u00e4rivi: ensimm\u00e4inen nuppi vasemmalta (tehty poikkilovi p\u00e4\u00e4lle), muuten samanlainen kuin alarivin nelj\u00e4s vasemmalta.<br \/>Yl\u00e4rivi: kolmas vasemmalta (2kpl) Pekalit 17900.<br \/>Toinen rivi ylh\u00e4\u00e4lt\u00e4: toinen nuppi vasemmalta (6kpl). Kolmas nuppi vasemmalta (2kpl)<br \/>Keskimm\u00e4inen rivi: ensimm\u00e4inen nuppi vasemmalta (2kpl), toinen nuppi vasemmalta (3kpl, joista kolmas koverrettu sis\u00e4puolelta ja koristeosaan kirjoitettu tussilla &#8220;U-s\u00e4\u00e4t\u00f6&#8221;), kolmas nuppi vasemmalta (2kpl), kuudes nuppi vasemmalta (9 kpl).<br \/>Toinen rivi alhaalta: ensimm\u00e4inen nuppi vasemmalta (2kpl), kolmas nuppi vasemmalta (3kpl), kuudes nuppi oikealta (7kpl).<br \/>Toinen rivi alhaalta: viides nuppi oikealta: ruskea kullanv\u00e4risell\u00e4 renkaalla, mutta muuten samanlainen kuin esim ASA 1180TM -mallissa (huomaathan ett\u00e4 t\u00e4st\u00e4 puuttuu kullanv\u00e4rinen rengas. EKUM0214 saatavilla rungoltaan rikkin\u00e4inen nuppi jossa on ko. kullanv\u00e4rinen rengas. Niist\u00e4 voi rakentaa yhden ehj\u00e4n. EKUM0240 -tuotenumerolla olemassa samanlainen kokonainen nuppi jossa rengas kolhuinen.<br \/>Alarivi: nelj\u00e4s vasemmalta (koverrettu reilusti sis\u00e4puolelta), muuten samanlainen kuin yl\u00e4rivin ensimm\u00e4inen vasemmalta.<br \/>Alarivi: viides vasemmalta (2kpl) v\u00e4\u00e4rinp\u00e4in oleva &#8220;C&#8221; ja 161 numerosarjana molemmissa. Toinen oikealta on Philips 60-luvun putkiradion pikkunuppi (ei ep\u00e4kesko).<br \/><br \/><strong>Ainakin seuraavat nupit myyty:<br \/><br \/><\/strong>-Oikean yl\u00e4kulman iso asteikollinen nuppi.<br \/>-Toinen rivi ylh\u00e4\u00e4lt\u00e4, seitsem\u00e4s nuppi vasemmalta (tai ensimm\u00e4inen oikealta).<br \/>-Toinen rivi alhaalta, toinen nuppi oikealta myyty<br \/><br \/>Muitakin nuppeja on saatettu myyd\u00e4, joten varmistathan saatavuuden.\u00a0<br \/><br \/>Kuvaan on laitettu malliksi yksi kutakin nuppia. Samanlaisia nuppeja voi olla varastossa enemm\u00e4nkin. Nupit ovat p\u00e4\u00e4osin k\u00e4ytettyj\u00e4, purkuradioista purettuja.<\/p>","protected":false},"excerpt":{"rendered":"<p>Tilatessasi ilmoitathan tuotenumeron (esim EKUA 1234) ja tilaamasi nupin paikan kuvassa (esim. toiseksi ylin rivi, toinen nuppi vasemmalta). Osa nupeista on saatettu myyd\u00e4, joten kannattaa varmistaa saatavuus etuk\u00e4teen s\u00e4hk\u00f6postitse. Voit tilata s\u00e4hk\u00f6postitse my\u00f6s siin\u00e4 tapauksessa, mik\u00e4li arvelet tuotteen sopivan kirjetoimituksena (kirjeen paksuus max 3cm).Yl\u00e4rivi: ensimm\u00e4inen nuppi vasemmalta (tehty poikkilovi p\u00e4\u00e4lle), muuten samanlainen kuin alarivin nelj\u00e4s &hellip;<\/p>\n<p class=\"read-more\"> <a class=\"thunk-readmore button\" href=\"https:\/\/www.radiomarket.fi\/en\/kohde\/ekum0237-radio-tv-ym-nuppeja\/\"> <span class=\"screen-reader-text\">EKUM0237 radio, TV ym. nuppeja<\/span>Read More<\/a><\/p>","protected":false},"featured_media":31135,"template":"","meta":[],"_links":{"self":[{"href":"https:\/\/www.radiomarket.fi\/en\/wp-json\/wp\/v2\/product\/31133"}],"collection":[{"href":"https:\/\/www.radiomarket.fi\/en\/wp-json\/wp\/v2\/product"}],"about":[{"href":"https:\/\/www.radiomarket.fi\/en\/wp-json\/wp\/v2\/types\/product"}],"wp:featuredmedia":[{"embeddable":true,"href":"https:\/\/www.radiomarket.fi\/en\/wp-json\/wp\/v2\/media\/31135"}],"wp:attachment":[{"href":"https:\/\/www.radiomarket.fi\/en\/wp-json\/wp\/v2\/media?parent=31133"}],"curies":[{"name":"wp","href":"https:\/\/api.w.org\/{rel}","templated":true}]}}