{"id":31143,"date":"2022-02-25T11:13:30","date_gmt":"2022-02-25T09:13:30","guid":{"rendered":"https:\/\/www.radiomarket.fi\/?post_type=product&#038;p=31143"},"modified":"2022-12-16T11:15:40","modified_gmt":"2022-12-16T09:15:40","slug":"ekum0241-radio-tv-ym-nuppeja","status":"publish","type":"product","link":"https:\/\/www.radiomarket.fi\/en\/kohde\/ekum0241-radio-tv-ym-nuppeja\/","title":{"rendered":"EKUM0241 radio, TV ym. nuppeja"},"content":{"rendered":"<p>Tilatessasi ilmoitathan tuotenumeron (esim EKUA 1234) ja tilaamasi nupin paikan kuvassa (esim. toiseksi ylin rivi, toinen nuppi vasemmalta). Osa nupeista on saatettu myyd\u00e4, joten kannattaa varmistaa saatavuus etuk\u00e4teen s\u00e4hk\u00f6postitse. Voit tilata s\u00e4hk\u00f6postitse my\u00f6s siin\u00e4 tapauksessa, mik\u00e4li arvelet tuotteen sopivan kirjetoimituksena (kirjeen paksuus max 3cm).<br \/><br \/><strong>Ainakin seuraavat nupit myyty:<br \/><br \/><\/strong>&#8211;<br \/><br \/>Muitakin nuppeja on saatettu myyd\u00e4, joten varmistathan saatavuuden.\u00a0<br \/><br \/>Kuvaan on laitettu malliksi yksi kutakin nuppia. Samanlaisia nuppeja voi olla varastossa enemm\u00e4nkin. Nupit ovat p\u00e4\u00e4osin k\u00e4ytettyj\u00e4, purkuradioista purettuja.<\/p>","protected":false},"excerpt":{"rendered":"<p>Tilatessasi ilmoitathan tuotenumeron (esim EKUA 1234) ja tilaamasi nupin paikan kuvassa (esim. toiseksi ylin rivi, toinen nuppi vasemmalta). Osa nupeista on saatettu myyd\u00e4, joten kannattaa varmistaa saatavuus etuk\u00e4teen s\u00e4hk\u00f6postitse. Voit tilata s\u00e4hk\u00f6postitse my\u00f6s siin\u00e4 tapauksessa, mik\u00e4li arvelet tuotteen sopivan kirjetoimituksena (kirjeen paksuus max 3cm).Ainakin seuraavat nupit myyty:&#8211;Muitakin nuppeja on saatettu myyd\u00e4, joten varmistathan saatavuuden.\u00a0Kuvaan on &hellip;<\/p>\n<p class=\"read-more\"> <a class=\"thunk-readmore button\" href=\"https:\/\/www.radiomarket.fi\/en\/kohde\/ekum0241-radio-tv-ym-nuppeja\/\"> <span class=\"screen-reader-text\">EKUM0241 radio, TV ym. nuppeja<\/span>Read More<\/a><\/p>","protected":false},"featured_media":31144,"template":"","meta":[],"_links":{"self":[{"href":"https:\/\/www.radiomarket.fi\/en\/wp-json\/wp\/v2\/product\/31143"}],"collection":[{"href":"https:\/\/www.radiomarket.fi\/en\/wp-json\/wp\/v2\/product"}],"about":[{"href":"https:\/\/www.radiomarket.fi\/en\/wp-json\/wp\/v2\/types\/product"}],"wp:featuredmedia":[{"embeddable":true,"href":"https:\/\/www.radiomarket.fi\/en\/wp-json\/wp\/v2\/media\/31144"}],"wp:attachment":[{"href":"https:\/\/www.radiomarket.fi\/en\/wp-json\/wp\/v2\/media?parent=31143"}],"curies":[{"name":"wp","href":"https:\/\/api.w.org\/{rel}","templated":true}]}}