{"id":31225,"date":"2022-02-26T21:12:31","date_gmt":"2022-02-26T19:12:31","guid":{"rendered":"https:\/\/www.radiomarket.fi\/?post_type=product&#038;p=31225"},"modified":"2022-02-26T21:26:58","modified_gmt":"2022-02-26T19:26:58","slug":"ekub0161-laskin-adler-4212-pd-nova","status":"publish","type":"product","link":"https:\/\/www.radiomarket.fi\/en\/kohde\/ekub0161-laskin-adler-4212-pd-nova\/","title":{"rendered":"EKUB0161 laskin Adler 4212 PD nova"},"content":{"rendered":"<p>Verkkovirtak\u00e4yttoinen p\u00f6yt\u00e4laskukone. Laskee ja ajaa paperia eteenp\u00e4in, ehk\u00e4 printtaakin kassanauhalle jos k\u00e4ytt\u00e4j\u00e4 osaa asettaa kytkimet oikein ja on tuoretta mustetta.\u00a0 Hyv\u00e4kuntoinen ulkoisesti. <\/p>","protected":false},"excerpt":{"rendered":"<p>Verkkovirtak\u00e4yttoinen p\u00f6yt\u00e4laskukone. Laskee ja ajaa paperia eteenp\u00e4in, ehk\u00e4 printtaakin kassanauhalle jos k\u00e4ytt\u00e4j\u00e4 osaa asettaa kytkimet oikein ja on tuoretta mustetta.\u00a0 Hyv\u00e4kuntoinen ulkoisesti.<\/p>","protected":false},"featured_media":31226,"template":"","meta":[],"_links":{"self":[{"href":"https:\/\/www.radiomarket.fi\/en\/wp-json\/wp\/v2\/product\/31225"}],"collection":[{"href":"https:\/\/www.radiomarket.fi\/en\/wp-json\/wp\/v2\/product"}],"about":[{"href":"https:\/\/www.radiomarket.fi\/en\/wp-json\/wp\/v2\/types\/product"}],"wp:featuredmedia":[{"embeddable":true,"href":"https:\/\/www.radiomarket.fi\/en\/wp-json\/wp\/v2\/media\/31226"}],"wp:attachment":[{"href":"https:\/\/www.radiomarket.fi\/en\/wp-json\/wp\/v2\/media?parent=31225"}],"curies":[{"name":"wp","href":"https:\/\/api.w.org\/{rel}","templated":true}]}}