{"id":31230,"date":"2022-02-28T10:20:01","date_gmt":"2022-02-28T08:20:01","guid":{"rendered":"https:\/\/www.radiomarket.fi\/?post_type=product&#038;p=31230"},"modified":"2022-03-01T20:35:50","modified_gmt":"2022-03-01T18:35:50","slug":"ekub0162-sony-rm-v8t-tv-video-kaukosaadin","status":"publish","type":"product","link":"https:\/\/www.radiomarket.fi\/en\/kohde\/ekub0162-sony-rm-v8t-tv-video-kaukosaadin\/","title":{"rendered":"EKUB0162 Sony RM-V8T TV\/video kaukos\u00e4\u00e4din"},"content":{"rendered":"<p>Analogisen television ja videonauhurin kaukos\u00e4\u00e4din. Hyv\u00e4kuntoinen.<\/p>","protected":false},"excerpt":{"rendered":"<p>Testattu toimivalla Sony-televisiolla, kanavanappi 1 ja ulkopuolinen signaalil\u00e4hde.<\/p>","protected":false},"featured_media":31263,"template":"","meta":[],"_links":{"self":[{"href":"https:\/\/www.radiomarket.fi\/en\/wp-json\/wp\/v2\/product\/31230"}],"collection":[{"href":"https:\/\/www.radiomarket.fi\/en\/wp-json\/wp\/v2\/product"}],"about":[{"href":"https:\/\/www.radiomarket.fi\/en\/wp-json\/wp\/v2\/types\/product"}],"wp:featuredmedia":[{"embeddable":true,"href":"https:\/\/www.radiomarket.fi\/en\/wp-json\/wp\/v2\/media\/31263"}],"wp:attachment":[{"href":"https:\/\/www.radiomarket.fi\/en\/wp-json\/wp\/v2\/media?parent=31230"}],"curies":[{"name":"wp","href":"https:\/\/api.w.org\/{rel}","templated":true}]}}