{"id":31295,"date":"2022-03-02T13:40:21","date_gmt":"2022-03-02T11:40:21","guid":{"rendered":"https:\/\/www.radiomarket.fi\/?post_type=product&#038;p=31295"},"modified":"2023-02-19T23:33:37","modified_gmt":"2023-02-19T21:33:37","slug":"ekum0485-acer-6312-nappaimisto","status":"publish","type":"product","link":"https:\/\/www.radiomarket.fi\/en\/kohde\/ekum0485-acer-6312-nappaimisto\/","title":{"rendered":"EKUM0485 Acer 6312 n\u00e4pp\u00e4imist\u00f6"},"content":{"rendered":"<p>Model No.: 6312<br \/>Extension No. K7W\/WD (3C)<br \/><br \/>Amanda Informaatioj\u00e4rjestelm\u00e4.<br \/><br \/>Paikoitellen vahvasti kellastunut<br \/><br \/><\/p>","protected":false},"excerpt":{"rendered":"<p>Model No.: 6312Extension No. K7W\/WD (3C)Amanda Informaatioj\u00e4rjestelm\u00e4.Paikoitellen vahvasti kellastunut<\/p>","protected":false},"featured_media":31296,"template":"","meta":[],"_links":{"self":[{"href":"https:\/\/www.radiomarket.fi\/en\/wp-json\/wp\/v2\/product\/31295"}],"collection":[{"href":"https:\/\/www.radiomarket.fi\/en\/wp-json\/wp\/v2\/product"}],"about":[{"href":"https:\/\/www.radiomarket.fi\/en\/wp-json\/wp\/v2\/types\/product"}],"wp:featuredmedia":[{"embeddable":true,"href":"https:\/\/www.radiomarket.fi\/en\/wp-json\/wp\/v2\/media\/31296"}],"wp:attachment":[{"href":"https:\/\/www.radiomarket.fi\/en\/wp-json\/wp\/v2\/media?parent=31295"}],"curies":[{"name":"wp","href":"https:\/\/api.w.org\/{rel}","templated":true}]}}