{"id":31300,"date":"2022-03-02T13:48:56","date_gmt":"2022-03-02T11:48:56","guid":{"rendered":"https:\/\/www.radiomarket.fi\/?post_type=product&#038;p=31300"},"modified":"2024-12-03T10:12:45","modified_gmt":"2024-12-03T08:12:45","slug":"ekum0486-puhelimen-veivi-kampi-erilaisia","status":"publish","type":"product","link":"https:\/\/www.radiomarket.fi\/en\/kohde\/ekum0486-puhelimen-veivi-kampi-erilaisia\/","title":{"rendered":"EKUM0486 puhelimen veivi \/ kampi, erilaisia"},"content":{"rendered":"<p>K\u00e4ytettyj\u00e4. Kaikki t\u00e4ss\u00e4 tuotteessa olevat myyty.<br \/><br \/>1. MYYTY<br \/>2. MYYTY<br \/>3. MYYTY<br \/>4. &#8211;<br \/>5. L\u00e4hes vastaava kuin nro 6 lukuunottamatta puuosaa. Pituusero naaraskappaleessa. MYYTY<br \/>6. L\u00e4hes vastaava kuin nro 5 lukuunottamatta puuosaa. Pituusero naaraskappaleessa. MYYTY<br \/>7. &#8211;<br \/>8. &#8211;<br \/><br \/>Kerrothan tilatessasi mink\u00e4 numeron haluat. Katso my\u00f6s EKUA6569 ja EKUA5004.<\/p>","protected":false},"excerpt":{"rendered":"<p>K\u00e4ytettyj\u00e4. Kaikki t\u00e4ss\u00e4 tuotteessa olevat myyty.1. MYYTY2. MYYTY3. MYYTY4. &#8211;5. L\u00e4hes vastaava kuin nro 6 lukuunottamatta puuosaa. Pituusero naaraskappaleessa. MYYTY6. L\u00e4hes vastaava kuin nro 5 lukuunottamatta puuosaa. Pituusero naaraskappaleessa. MYYTY7. &#8211;8. &#8211;Kerrothan tilatessasi mink\u00e4 numeron haluat. Katso my\u00f6s EKUA6569 ja EKUA5004.<\/p>","protected":false},"featured_media":31301,"template":"","meta":[],"_links":{"self":[{"href":"https:\/\/www.radiomarket.fi\/en\/wp-json\/wp\/v2\/product\/31300"}],"collection":[{"href":"https:\/\/www.radiomarket.fi\/en\/wp-json\/wp\/v2\/product"}],"about":[{"href":"https:\/\/www.radiomarket.fi\/en\/wp-json\/wp\/v2\/types\/product"}],"wp:featuredmedia":[{"embeddable":true,"href":"https:\/\/www.radiomarket.fi\/en\/wp-json\/wp\/v2\/media\/31301"}],"wp:attachment":[{"href":"https:\/\/www.radiomarket.fi\/en\/wp-json\/wp\/v2\/media?parent=31300"}],"curies":[{"name":"wp","href":"https:\/\/api.w.org\/{rel}","templated":true}]}}