{"id":31354,"date":"2022-03-08T19:25:41","date_gmt":"2022-03-08T17:25:41","guid":{"rendered":"https:\/\/www.radiomarket.fi\/?post_type=product&#038;p=31354"},"modified":"2023-01-19T18:24:28","modified_gmt":"2023-01-19T16:24:28","slug":"ekub0169-kasipyyhepaperiannostelija","status":"publish","type":"product","link":"https:\/\/www.radiomarket.fi\/en\/kohde\/ekub0169-kasipyyhepaperiannostelija\/","title":{"rendered":"EKUB0169 Serla k\u00e4sipyyhepaperiteline"},"content":{"rendered":"<p>K\u00e4ytetty C-taitosannostelija. Kunto vaihtelee, ei avainta, lukko toimii helposti pihdeill\u00e4kin.<\/p><p>Metallia, 1980-luvulta.<\/p>","protected":false},"excerpt":{"rendered":"<p>Nokian ja Serlan pyyhepaperiannostelijoihin ei k\u00e4y sama avain.<\/p>","protected":false},"featured_media":37009,"template":"","meta":[],"_links":{"self":[{"href":"https:\/\/www.radiomarket.fi\/en\/wp-json\/wp\/v2\/product\/31354"}],"collection":[{"href":"https:\/\/www.radiomarket.fi\/en\/wp-json\/wp\/v2\/product"}],"about":[{"href":"https:\/\/www.radiomarket.fi\/en\/wp-json\/wp\/v2\/types\/product"}],"wp:featuredmedia":[{"embeddable":true,"href":"https:\/\/www.radiomarket.fi\/en\/wp-json\/wp\/v2\/media\/37009"}],"wp:attachment":[{"href":"https:\/\/www.radiomarket.fi\/en\/wp-json\/wp\/v2\/media?parent=31354"}],"curies":[{"name":"wp","href":"https:\/\/api.w.org\/{rel}","templated":true}]}}