{"id":31361,"date":"2022-03-08T19:26:05","date_gmt":"2022-03-08T17:26:05","guid":{"rendered":"https:\/\/www.radiomarket.fi\/?post_type=product&#038;p=31361"},"modified":"2022-03-09T18:52:40","modified_gmt":"2022-03-09T16:52:40","slug":"ekub0170-yhden-pistokkeen-pintapistorasia-maadoitettu","status":"publish","type":"product","link":"https:\/\/www.radiomarket.fi\/en\/kohde\/ekub0170-yhden-pistokkeen-pintapistorasia-maadoitettu\/","title":{"rendered":"EKUB0170 yhden pistokkeen pintapistorasia maadoitettu"},"content":{"rendered":"<p>K\u00e4ytetty yksikk\u00f6pistorasia pinta-asennukseen. Kuoressa yleens\u00e4 lovi pinta-asennusjohdolle.<\/p>","protected":false},"excerpt":{"rendered":"<p>T\u00e4m\u00e4n tuotteen noudosta on sovittava etuk\u00e4teen.<\/p>","protected":false},"featured_media":31356,"template":"","meta":[],"_links":{"self":[{"href":"https:\/\/www.radiomarket.fi\/en\/wp-json\/wp\/v2\/product\/31361"}],"collection":[{"href":"https:\/\/www.radiomarket.fi\/en\/wp-json\/wp\/v2\/product"}],"about":[{"href":"https:\/\/www.radiomarket.fi\/en\/wp-json\/wp\/v2\/types\/product"}],"wp:featuredmedia":[{"embeddable":true,"href":"https:\/\/www.radiomarket.fi\/en\/wp-json\/wp\/v2\/media\/31356"}],"wp:attachment":[{"href":"https:\/\/www.radiomarket.fi\/en\/wp-json\/wp\/v2\/media?parent=31361"}],"curies":[{"name":"wp","href":"https:\/\/api.w.org\/{rel}","templated":true}]}}