{"id":31362,"date":"2022-03-08T19:31:30","date_gmt":"2022-03-08T17:31:30","guid":{"rendered":"https:\/\/www.radiomarket.fi\/?post_type=product&#038;p=31362"},"modified":"2022-03-09T18:52:04","modified_gmt":"2022-03-09T16:52:04","slug":"ekub0171-kuuden-pistokkeen-pistorasia-maadoitettu","status":"publish","type":"product","link":"https:\/\/www.radiomarket.fi\/en\/kohde\/ekub0171-kuuden-pistokkeen-pistorasia-maadoitettu\/","title":{"rendered":"EKUB0171 kuuden pistokkeen maadoitettu pistorasia"},"content":{"rendered":"<p>K\u00e4ytetty ATK-pistorasia purettuna koteloasennuksesta. Valkoinen hyv\u00e4kuntoinen kaluste, joka sopii uppoasennukseen.<\/p><p>&nbsp;<\/p>","protected":false},"excerpt":{"rendered":"<p>T\u00e4m\u00e4n tuotteen noudosta on sovittava etuk\u00e4teen.<\/p>","protected":false},"featured_media":31359,"template":"","meta":[],"_links":{"self":[{"href":"https:\/\/www.radiomarket.fi\/en\/wp-json\/wp\/v2\/product\/31362"}],"collection":[{"href":"https:\/\/www.radiomarket.fi\/en\/wp-json\/wp\/v2\/product"}],"about":[{"href":"https:\/\/www.radiomarket.fi\/en\/wp-json\/wp\/v2\/types\/product"}],"wp:featuredmedia":[{"embeddable":true,"href":"https:\/\/www.radiomarket.fi\/en\/wp-json\/wp\/v2\/media\/31359"}],"wp:attachment":[{"href":"https:\/\/www.radiomarket.fi\/en\/wp-json\/wp\/v2\/media?parent=31362"}],"curies":[{"name":"wp","href":"https:\/\/api.w.org\/{rel}","templated":true}]}}