{"id":31365,"date":"2022-03-08T19:57:31","date_gmt":"2022-03-08T17:57:31","guid":{"rendered":"https:\/\/www.radiomarket.fi\/?post_type=product&#038;p=31365"},"modified":"2022-03-31T17:47:45","modified_gmt":"2022-03-31T14:47:45","slug":"ekum0172-taskuradio-solar-solid-state","status":"publish","type":"product","link":"https:\/\/www.radiomarket.fi\/en\/kohde\/ekum0172-taskuradio-solar-solid-state\/","title":{"rendered":"EKUM0172 taskuradio Solar Solid State"},"content":{"rendered":"<p>Toimii, \u00e4\u00e4nenvoimakkuuspotentiometri p\u00e4tkii.<\/p>","protected":false},"excerpt":{"rendered":"<p>Toimii, \u00e4\u00e4nenvoimakkuuspotentiometri p\u00e4tkii.<\/p>","protected":false},"featured_media":31368,"template":"","meta":[],"_links":{"self":[{"href":"https:\/\/www.radiomarket.fi\/en\/wp-json\/wp\/v2\/product\/31365"}],"collection":[{"href":"https:\/\/www.radiomarket.fi\/en\/wp-json\/wp\/v2\/product"}],"about":[{"href":"https:\/\/www.radiomarket.fi\/en\/wp-json\/wp\/v2\/types\/product"}],"wp:featuredmedia":[{"embeddable":true,"href":"https:\/\/www.radiomarket.fi\/en\/wp-json\/wp\/v2\/media\/31368"}],"wp:attachment":[{"href":"https:\/\/www.radiomarket.fi\/en\/wp-json\/wp\/v2\/media?parent=31365"}],"curies":[{"name":"wp","href":"https:\/\/api.w.org\/{rel}","templated":true}]}}