{"id":31390,"date":"2022-03-09T13:55:35","date_gmt":"2022-03-09T11:55:35","guid":{"rendered":"https:\/\/www.radiomarket.fi\/?post_type=product&#038;p=31390"},"modified":"2022-03-31T17:53:45","modified_gmt":"2022-03-31T14:53:45","slug":"ekum0487-itt-schaub-lorenz-touring-cd-108","status":"publish","type":"product","link":"https:\/\/www.radiomarket.fi\/en\/kohde\/ekum0487-itt-schaub-lorenz-touring-cd-108\/","title":{"rendered":"EKUM0487 ITT Schaub-Lorenz Touring CD 108 52151487"},"content":{"rendered":"<p>Siisti kone ulkoisesti. Paristokotelossa on hiukan vuotamisen merkkej\u00e4. Antenni on ehyt ja herkk\u00e4toiminen. Kolme nappia (13, 16 ja 19 metrin aaltoalueen napit) ovat rikki. Rikkin\u00e4iset napit mukana paristokotelossa. Lyhyitten alueitten valinta narisee toiseen suuntaan py\u00f6ritt\u00e4ess\u00e4. Muutoin toimii aika t\u00e4ydellisesti. Kaikki aaltoalueet toimivat, FM-osaltaan herkk\u00e4 ja \u00e4\u00e4nelt\u00e4\u00e4n hieno radio.<\/p>","protected":false},"excerpt":{"rendered":"<p>Siisti kone ulkoisesti. Paristokotelossa on hiukan vuotamisen merkkej\u00e4. Antenni on ehyt ja herkk\u00e4toiminen. Kolme nappia (13, 16 ja 19 metrin aaltoalueen napit) ovat rikki. Rikkin\u00e4iset napit mukana paristokotelossa. Lyhyitten alueitten valinta narisee toiseen suuntaan py\u00f6ritt\u00e4ess\u00e4. Muutoin toimii aika t\u00e4ydellisesti. Kaikki aaltoalueet toimivat, FM-osaltaan herkk\u00e4 ja \u00e4\u00e4nelt\u00e4\u00e4n hieno radio.<\/p>","protected":false},"featured_media":31406,"template":"","meta":[],"_links":{"self":[{"href":"https:\/\/www.radiomarket.fi\/en\/wp-json\/wp\/v2\/product\/31390"}],"collection":[{"href":"https:\/\/www.radiomarket.fi\/en\/wp-json\/wp\/v2\/product"}],"about":[{"href":"https:\/\/www.radiomarket.fi\/en\/wp-json\/wp\/v2\/types\/product"}],"wp:featuredmedia":[{"embeddable":true,"href":"https:\/\/www.radiomarket.fi\/en\/wp-json\/wp\/v2\/media\/31406"}],"wp:attachment":[{"href":"https:\/\/www.radiomarket.fi\/en\/wp-json\/wp\/v2\/media?parent=31390"}],"curies":[{"name":"wp","href":"https:\/\/api.w.org\/{rel}","templated":true}]}}