{"id":31418,"date":"2022-03-09T21:51:39","date_gmt":"2022-03-09T19:51:39","guid":{"rendered":"https:\/\/www.radiomarket.fi\/?post_type=product&#038;p=31418"},"modified":"2022-03-09T22:49:15","modified_gmt":"2022-03-09T20:49:15","slug":"ekua1375-salora-ekus","status":"publish","type":"product","link":"https:\/\/www.radiomarket.fi\/en\/kohde\/ekua1375-salora-ekus\/","title":{"rendered":"EKUA1375 Salora (EKUS)"},"content":{"rendered":"<p>Voidaan myyd\u00e4 osina tai kokonaisena. Tiedustele s\u00e4hk\u00f6postilla tarvitsemiasi varaosia. Tuotteen hinta on t\u00e4st\u00e4 saatavien varaosien arvioitu kokonaishinta. Putket on.<br \/><br \/><strong>Ainakin seuraavat osat rikki, puuttuvat tai poistettu:<\/strong><br \/><br \/>-ei takalevy\u00e4<br \/>-ei asteikkoa<br \/>-ei toista etunuppia, p\u00e4\u00e4tynupit ja toinen etummainen nuppi kuvien perusteella l\u00f6ytyv\u00e4t edelleen<br \/><br \/>Muitakin osia saattaa olla purettu. Ei tutkittu tarkemmin. Varmistathan tietojen oikeellisuuden myyj\u00e4lt\u00e4.<\/p>","protected":false},"excerpt":{"rendered":"<p>Voidaan myyd\u00e4 osina tai kokonaisena. Tiedustele s\u00e4hk\u00f6postilla tarvitsemiasi varaosia. Tuotteen hinta on t\u00e4st\u00e4 saatavien varaosien arvioitu kokonaishinta. Putket on.Ainakin seuraavat osat rikki, puuttuvat tai poistettu:-ei takalevy\u00e4-ei asteikkoa-ei toista etunuppia, p\u00e4\u00e4tynupit ja toinen etummainen nuppi kuvien perusteella l\u00f6ytyv\u00e4t edelleenMuitakin osia saattaa olla purettu. Ei tutkittu tarkemmin. Varmistathan tietojen oikeellisuuden myyj\u00e4lt\u00e4.<\/p>","protected":false},"featured_media":31433,"template":"","meta":[],"_links":{"self":[{"href":"https:\/\/www.radiomarket.fi\/en\/wp-json\/wp\/v2\/product\/31418"}],"collection":[{"href":"https:\/\/www.radiomarket.fi\/en\/wp-json\/wp\/v2\/product"}],"about":[{"href":"https:\/\/www.radiomarket.fi\/en\/wp-json\/wp\/v2\/types\/product"}],"wp:featuredmedia":[{"embeddable":true,"href":"https:\/\/www.radiomarket.fi\/en\/wp-json\/wp\/v2\/media\/31433"}],"wp:attachment":[{"href":"https:\/\/www.radiomarket.fi\/en\/wp-json\/wp\/v2\/media?parent=31418"}],"curies":[{"name":"wp","href":"https:\/\/api.w.org\/{rel}","templated":true}]}}