{"id":31449,"date":"2022-03-09T23:14:50","date_gmt":"2022-03-09T21:14:50","guid":{"rendered":"https:\/\/www.radiomarket.fi\/?post_type=product&#038;p=31449"},"modified":"2022-03-10T20:01:02","modified_gmt":"2022-03-10T18:01:02","slug":"ekua1378-tuntematon-putkiradio-vihreatekstisella-asteikolla-ekus","status":"publish","type":"product","link":"https:\/\/www.radiomarket.fi\/en\/kohde\/ekua1378-tuntematon-putkiradio-vihreatekstisella-asteikolla-ekus\/","title":{"rendered":"EKUA1378 PSO Sch\u00e4fer 3413 (EKUS)"},"content":{"rendered":"<p>Pohjoismainen S\u00e4hk\u00f6 Osakeyhti\u00f6n valmistama Sch\u00e4fer 3413. Kotelon on todenn\u00e4k\u00f6isesti valmistanut Keravan puusep\u00e4ntehdas. T\u00e4m\u00e4 malli sai STL:n hyv\u00e4ksynn\u00e4n 1954_05. PSO toimi aivan Helsingin keskustassa Vuorikatu 14 (riste\u00e4\u00e4 vinottain Kaisaniemenkatua).<\/p><p>Takaa katsottuna oikeasta p\u00e4\u00e4dyst\u00e4 puuttuu kahden potikan asennusyksikk\u00f6.\u00a0<br \/><br \/>Ensimm\u00e4iset kuusi kuvaa on myyt\u00e4v\u00e4st\u00e4 tuotteesta. Loput nelj\u00e4 kuvaa on hieman uudemmasta ULA-mallista Sch\u00e4fer 3413 Z, josta n\u00e4kee mink\u00e4 kaltainen tuo potikoitten asennuspidin on ollut. <br \/><br \/>Voidaan myyd\u00e4 osina tai kokonaisena. Tiedustele s\u00e4hk\u00f6postilla tarvitsemiasi varaosia. Tuotteen hinta on t\u00e4st\u00e4 saatavien varaosien arvioitu kokonaishinta.\u00a0<br \/><br \/><strong>Ainakin seuraavat osat rikki, puuttuvat tai poistettu:<\/strong><br \/><br \/>-ei takalevy\u00e4<br \/>-ei nuppeja<br \/>-ei putkia<br \/><br \/>Muitakin osia saattaa olla purettu. Ei tutkittu tarkemmin. Varmistathan tietojen oikeellisuuden myyj\u00e4lt\u00e4.<\/p>","protected":false},"excerpt":{"rendered":"<p>Pohjoismainen S\u00e4hk\u00f6 Osakeyhti\u00f6n valmistama Sch\u00e4fer 3413. Kotelon on todenn\u00e4k\u00f6isesti valmistanut Keravan puusep\u00e4ntehdas. T\u00e4m\u00e4 malli sai STL:n hyv\u00e4ksynn\u00e4n 1954_05. PSO toimi aivan Helsingin keskustassa Vuorikatu 14 (riste\u00e4\u00e4 vinottain Kaisaniemenkatua).Takaa katsottuna oikeasta p\u00e4\u00e4dyst\u00e4 puuttuu kahden potikan asennusyksikk\u00f6.\u00a0Ensimm\u00e4iset kuusi kuvaa on myyt\u00e4v\u00e4st\u00e4 tuotteesta. Loput nelj\u00e4 kuvaa on hieman uudemmasta ULA-mallista Sch\u00e4fer 3413 Z, josta n\u00e4kee mink\u00e4 kaltainen tuo &hellip;<\/p>\n<p class=\"read-more\"> <a class=\"thunk-readmore button\" href=\"https:\/\/www.radiomarket.fi\/en\/kohde\/ekua1378-tuntematon-putkiradio-vihreatekstisella-asteikolla-ekus\/\"> <span class=\"screen-reader-text\">EKUA1378 PSO Sch\u00e4fer 3413 (EKUS)<\/span>Read More<\/a><\/p>","protected":false},"featured_media":31454,"template":"","meta":[],"_links":{"self":[{"href":"https:\/\/www.radiomarket.fi\/en\/wp-json\/wp\/v2\/product\/31449"}],"collection":[{"href":"https:\/\/www.radiomarket.fi\/en\/wp-json\/wp\/v2\/product"}],"about":[{"href":"https:\/\/www.radiomarket.fi\/en\/wp-json\/wp\/v2\/types\/product"}],"wp:featuredmedia":[{"embeddable":true,"href":"https:\/\/www.radiomarket.fi\/en\/wp-json\/wp\/v2\/media\/31454"}],"wp:attachment":[{"href":"https:\/\/www.radiomarket.fi\/en\/wp-json\/wp\/v2\/media?parent=31449"}],"curies":[{"name":"wp","href":"https:\/\/api.w.org\/{rel}","templated":true}]}}