{"id":31485,"date":"2022-03-10T10:43:24","date_gmt":"2022-03-10T08:43:24","guid":{"rendered":"https:\/\/www.radiomarket.fi\/?post_type=product&#038;p=31485"},"modified":"2026-03-17T10:36:34","modified_gmt":"2026-03-17T08:36:34","slug":"ekum0181-tascam-s1010m-porta-monitor-left-monitorikaiutin","status":"publish","type":"product","link":"https:\/\/www.radiomarket.fi\/en\/kohde\/ekum0181-tascam-s1010m-porta-monitor-left-monitorikaiutin\/","title":{"rendered":"EKUM0181 Tascam S1010M Porta Monitor Left monitorikaiutin"},"content":{"rendered":"<p>P\u00e4\u00e4llisin puolin t\u00e4ydellinen, lievi\u00e4 naarmuja k\u00e4yt\u00f6st\u00e4. Vahvistin hurisee kytkett\u00e4ess\u00e4 s\u00e4hk\u00f6ihin. Ei oikeanpuolista kaiutinta.<\/p>","protected":false},"excerpt":{"rendered":"<p>P\u00e4\u00e4llisin puolin t\u00e4ydellinen, lievi\u00e4 naarmuja k\u00e4yt\u00f6st\u00e4. Vahvistin hurisee kytkett\u00e4ess\u00e4 s\u00e4hk\u00f6ihin. Ei oikeanpuolista kaiutinta.<\/p>","protected":false},"featured_media":32953,"template":"","meta":[],"_links":{"self":[{"href":"https:\/\/www.radiomarket.fi\/en\/wp-json\/wp\/v2\/product\/31485"}],"collection":[{"href":"https:\/\/www.radiomarket.fi\/en\/wp-json\/wp\/v2\/product"}],"about":[{"href":"https:\/\/www.radiomarket.fi\/en\/wp-json\/wp\/v2\/types\/product"}],"wp:featuredmedia":[{"embeddable":true,"href":"https:\/\/www.radiomarket.fi\/en\/wp-json\/wp\/v2\/media\/32953"}],"wp:attachment":[{"href":"https:\/\/www.radiomarket.fi\/en\/wp-json\/wp\/v2\/media?parent=31485"}],"curies":[{"name":"wp","href":"https:\/\/api.w.org\/{rel}","templated":true}]}}